                                                                                                                                                                                                                                                                                                                                                                                                                                                                                                                                                                                                                                                                                                                                                                                                                                                        {"id":61,"date":"2017-02-20T10:35:29","date_gmt":"2017-02-20T10:35:29","guid":{"rendered":"http:\/\/www.euassistant.com\/?page_id=61"},"modified":"2017-04-25T12:56:28","modified_gmt":"2017-04-25T10:56:28","slug":"proyecto","status":"publish","type":"page","link":"https:\/\/www.euassistant.com\/es\/proyecto\/","title":{"rendered":"Proyecto"},"content":{"rendered":"<p><\/p>\n<p>Una de cada seis personas en la Uni\u00f3n Europea (UE) tiene una discapacidad que var\u00eda de leve a grave, lo que hace que alrededor de 80 millones de personas vean limitada su capacidad de participar plenamente en la sociedad y la econom\u00eda debido a las barreras ambientales y actitudinales.<\/p>\n<p>Sin embargo, la plena participaci\u00f3n econ\u00f3mica y social de este colectivo es esencial para que la Estrategia Europea 2020 tenga \u00e9xito en la creaci\u00f3n de un crecimiento inteligente, sostenible e integrador. Construir una sociedad que incluya a todos tambi\u00e9n trae oportunidades de mercado y fomenta la innovaci\u00f3n. As\u00ed, esta Estrategia pone en marcha un proceso orientado a capacitar a las personas con discapacidad, para que puedan participar plenamente en la sociedad en igualdad de condiciones con los dem\u00e1s.<\/p>\n<p>Esta Estrategia Europea se plasma en el marco del art\u00edculo 19 (Vivir independientemente y estar incluido en la comunidad) de la Convenci\u00f3n de las Naciones Unidas sobre los Derechos de las Personas con Discapacidad. Para llevar a cabo una implementaci\u00f3n total de este proceso, uno de los aspectos clave es responder al derecho de asistencia personal mediante el reconocimiento del papel del asistente personal para las personas dependientes.<\/p>\n<p>Tanto el desarrollo como el reconocimiento de este perfil profesional es muy diferente entre los pa\u00edses europeos. Desde los a\u00f1os 80 y 90 se implementan servicios de asistencia personal en los pa\u00edses del norte de Europa. En pa\u00edses como Irlanda, Gran Breta\u00f1a, Suecia, Noruega, Dinamarca, Pa\u00edses Bajos, Austria y Alemania el papel de asistente personal existe hace a\u00f1os. Este papel fue promovido por el Movimiento de Vida Independiente nacido en los Estados Unidos en los a\u00f1os 70.<\/p>\n<p>En este contexto, plantamos el desarrollo del proyecto EU-Assistant que tiene como objetivos principales:<\/p>\n<ul>\n<li>Contribuir al desarrollo de un itinerario formativo para los asistentes personales.<\/li>\n<li>Proporcionar un curriculum y materiales formativos acordes con el MEQ.<\/li>\n<li>Sensibilizar sobre lo que este perfil profesional es y sobre su importancia.<\/li>\n<\/ul>\n<p>Para ello se definir\u00e1 unas competencias profesionales y un itinerario formativo, y se desarrollar\u00e1 un curso b\u00e1sico para formar a Asistentes Personales en un entorno de aprendizaje colaborativo.<\/p>\n<p>EU-ASSISTANT es una Asociaci\u00f3n Estrat\u00e9gica, financiada por la Comisi\u00f3n Europea en el marco del programa ERASMUS+.<\/p>\n<p><\/p>","protected":false},"excerpt":{"rendered":"<p>Una de cada seis personas en la Uni\u00f3n Europea (UE) tiene una discapacidad que var\u00eda de leve a grave, lo que hace que alrededor de 80 millones de personas vean limitada su capacidad de participar plenamente en la sociedad y la econom\u00eda debido a las barreras ambientales y actitudinales. Sin embargo, la plena participaci\u00f3n econ\u00f3mica [&hellip;]<\/p>\n","protected":false},"author":1,"featured_media":0,"parent":0,"menu_order":0,"comment_status":"closed","ping_status":"open","template":"","meta":[],"_links":{"self":[{"href":"https:\/\/www.euassistant.com\/es\/wp-json\/wp\/v2\/pages\/61"}],"collection":[{"href":"https:\/\/www.euassistant.com\/es\/wp-json\/wp\/v2\/pages"}],"about":[{"href":"https:\/\/www.euassistant.com\/es\/wp-json\/wp\/v2\/types\/page"}],"author":[{"embeddable":true,"href":"https:\/\/www.euassistant.com\/es\/wp-json\/wp\/v2\/users\/1"}],"replies":[{"embeddable":true,"href":"https:\/\/www.euassistant.com\/es\/wp-json\/wp\/v2\/comments?post=61"}],"version-history":[{"count":15,"href":"https:\/\/www.euassistant.com\/es\/wp-json\/wp\/v2\/pages\/61\/revisions"}],"predecessor-version":[{"id":162,"href":"https:\/\/www.euassistant.com\/es\/wp-json\/wp\/v2\/pages\/61\/revisions\/162"}],"wp:attachment":[{"href":"https:\/\/www.euassistant.com\/es\/wp-json\/wp\/v2\/media?parent=61"}],"curies":[{"name":"wp","href":"https:\/\/api.w.org\/{rel}","templated":true}]}}