                                                                                                                                                                                                                                                                                                                                                                                                                                                                                                                                                                                                                                                                                                                                                                                                                                                        {"id":63,"date":"2017-02-20T10:35:42","date_gmt":"2017-02-20T10:35:42","guid":{"rendered":"http:\/\/www.euassistant.com\/?page_id=63"},"modified":"2017-04-26T10:46:00","modified_gmt":"2017-04-26T08:46:00","slug":"socios","status":"publish","type":"page","link":"https:\/\/www.euassistant.com\/es\/socios\/","title":{"rendered":"Socios"},"content":{"rendered":"<p><\/p>\n<div id=\"socios\">\n<h2>PREDIF-IB<\/h2>\n<p>La Federaci\u00f3n Predif Illes Balears (Predif-ib) es una entidad sin \u00e1nimo de lucro que se dedica a mejorar la  vida de las personas con discapacidad f\u00edsica y la de sus familias. Es miembro de la Confederaci\u00f3n PREDIF, que representa y realiza programas a favor de casi 100.000 personas con discapacidad f\u00edsica, de forma directa e indirecta, promoviendo acciones en beneficio de todas las personas con discapacidad f\u00edsica en Espa\u00f1a. Cuenta con una experiencia, a trav\u00e9s de sus federaciones miembro, de m\u00e1s de 30 a\u00f1os. En Predif-ib ofrecemos asesoramiento en accesibilidad y dise\u00f1o universal; prestamos apoyo a personas desempleadas con discapacidad f\u00edsica para mejorar sus competencias y habilidades en su proceso de b\u00fasqueda de empleo, y por \u00faltimo, ofrecemos itinerarios personalizados, otorgando valor a la intervenci\u00f3n grupal como m\u00e9todo de empoderamiento personal.<\/p>\n<h2>H-FOUNDATION<\/h2>\n<p>La Asociaci\u00f3n \u00abH Foundation\u00bb es una organizaci\u00f3n no gubernamental y sin fines de lucro creada en 1991. La misi\u00f3n de la asociaci\u00f3n es asegurar la igualdad de oportunidades para la educaci\u00f3n y la formaci\u00f3n de las personas con discapacidad y de las personas desfavorecidas. La asociaci\u00f3n ofrece cursos para profesionales que trabajan con personas con discapacidad, para operadores de recepci\u00f3n que entran en contacto con personas con discapacidades y sus padres, pero tambi\u00e9n cursos para padres que tienen hijos con discapacidades. A lo largo del tiempo, nuestra asociaci\u00f3n ha desarrollado e implementado muchas campa\u00f1as para la integraci\u00f3n de ni\u00f1os y j\u00f3venes con discapacidades f\u00edsicas en la escuela, y  campa\u00f1as para mejorar la accesibilidad de las personas con discapacidad f\u00edsicas. La asociaci\u00f3n utiliza los \u00faltimos m\u00e9todos y t\u00e9cnicas de ense\u00f1anza\/aprendizaje, proporcionando a sus beneficiarios plataformas de e-learning y cursos de aprendizaje mixto o blended learning.<\/p>\n<h2>PRAGMA<\/h2>\n<p>Pragma es una PYME que trabaja en el campo de las aplicaciones de ingenier\u00eda electr\u00f3nica: las \u00e1reas principales son el sector industrial (ATE) y las tecnolog\u00edas de asistencia. En este \u00faltimo campo est\u00e1 desarrollando una colaboraci\u00f3n de 10 a\u00f1os con instituciones de salud p\u00fablica, proporcionando soporte tecnol\u00f3gico y soluciones de asistencia.<\/p>\n<ul>\n<li>Proveedor de educaci\u00f3n b\u00e1sicamente en plataforma LCMS: en este campo, Pragma es responsable del desarrollo de la plataforma de e-learning del proyecto POSDRU, que vincula a las 5 principales universidades de Ruman\u00eda (Bucarest, Iasi, Brasov, Cluj, Timisoara).<\/li>\n<li>Sistemas de tele-rehabilitaci\u00f3n (bajo la marca registrada NU!Reha) aplicados a pacientes neurol\u00f3gicos (terapia ocupacional y rehabilitaci\u00f3n cognitiva).<\/li>\n<li>Ayudas tecnol\u00f3gicas &#8211; socio de asesoramiento para el Centro Regional de Umbr\u00eda en consorcio con las instituciones de salud p\u00fablica.<\/li>\n<li>Ayudas tecnol\u00f3gicas &#8211; producci\u00f3n y personalizaci\u00f3n como desarrollador de hw-sw bajo plataformas Windows y Android.<\/li>\n<li>Consultor de ingenier\u00eda para el Cluster Regional de Innovaci\u00f3n de Umbria en el marco de soluciones de \u00abtecnolog\u00eda social\u00bb (sillas de ruedas, sistemas de contexto, control de electrodom\u00e9sticos inteligentes).<\/li>\n<\/ul>\n<h2>ITINKLAS<\/h2>\n<p>Iniciatyvu Tinklas re\u00fane a una serie de organizaciones y personas que practican el derecho, la psicolog\u00eda, el trabajo social, la pedagog\u00eda y el voluntariado, y est\u00e1n unidas por el objetivo com\u00fan dea ayudar a las personas a conseguir el di\u00e1logo intergeneracional, promover sus iniciativas, descubrir el voluntariado, mejorar sus habilidades y competencias, y desarrollar soluciones a los problemas. Iniciatyvu Tinklas tambi\u00e9n promueve el activismo, el esp\u00edritu empresarial y el liderazgo, y reconoce su papel como agentes de cambio en el desarrollo de una sociedad c\u00edvica.<\/p>\n<h2>MEDIA CREATIVA<\/h2>\n<p>Media Creativa \u2013 MC2020 es el resultado de los m\u00e1s de 20 a\u00f1os de experiencia, retos y aprendizajes de un grupo interdisciplinar de profesionales que compartimos una pasi\u00f3n com\u00fan: la innovaci\u00f3n educativa.<\/p>\n<p>EN MC2020 trabajamos para aportar valor a los espacios de aprendizaje, investigando, dise\u00f1ando y desarrollando una oferta formativa diferente, inspirada en metodolog\u00edas y enfoques pedag\u00f3gicos innovadores: storytelling (incluyendo storytelling digital), formaci\u00f3n basada en problemas, gamificaci\u00f3n, aprendizaje basado en juegos, etc. Buscando aprovechar todo el potencial que ofrecen las nuevas tecnolog\u00edas, utilizamos aplicaciones, juegos, webseries, webminars, mobile learning&#8230;<\/p>\n<p>La calidad de lo que hacemos se basa en conocer la realidad donde nos movemos y escuchar las necesidades de nuestros usuarios. Para ello desarrollamos estudios, analizamos necesidades formativas, dise\u00f1amos e impartimos cursos a trav\u00e9s de nuestro campus (campus-creativa.com), y organizamos talleres y conferencias, huyendo de una oferta gen\u00e9rica y siempre bajo el distintivo de la personalizaci\u00f3n.<\/p>\n<h2>ISEM<\/h2>\n<p>La Direcci\u00f3n Provincial de Estudios y Proyectos Sociales de Estambul (ISEM) se ha establecido para acelerar el desarrollo regional y asegurar su sostenibilidad mediante el desarrollo de la cooperaci\u00f3n entre los sectores p\u00fablico y privado y las organizaciones no gubernamentales, asegurando un uso apropieado y eficiente de los recursos, y movilidzando el potencial local para la implementaci\u00f3n de la idea de uni\u00f3n con una estructura m\u00e1s din\u00e1mica e innovadora en el proceso de ampliaci\u00f3n, a trav\u00e9s del cual se ha ido desarrollando la Uni\u00f3n Europea, y  en relaci\u00f3n con el proceso de democratizaci\u00f3n en el que se basan las pol\u00edticas de la UE.<\/p>\n<p>El ISEM, con responsabilidades proporcionadas por el Ministerio del Interior y el Gobierno de Estambul, tiene un amplio abanico de actividades y busca encontrar soluciones a las necesidades de Estambul, una de las ciudades cosmopolitas m\u00e1s grandes del mundo. Hasta el momento ha participado en varios programas de la UE (Leonardo, S\u00f3crates \/ Grundtvig, EQUAL, LLP, ESF, eTEN, FP, Erasmus +, H2020, IEE, etc.) y en muchas actividades de proyectos de la UE, tanto como coordinador como socio.<\/p>\n<\/div>\n<p><\/p>","protected":false},"excerpt":{"rendered":"<p>PREDIF-IB La Federaci\u00f3n Predif Illes Balears (Predif-ib) es una entidad sin \u00e1nimo de lucro que se dedica a mejorar la vida de las personas con discapacidad f\u00edsica y la de sus familias. Es miembro de la Confederaci\u00f3n PREDIF, que representa y realiza programas a favor de casi 100.000 personas con discapacidad f\u00edsica, de forma directa [&hellip;]<\/p>\n","protected":false},"author":1,"featured_media":0,"parent":0,"menu_order":0,"comment_status":"closed","ping_status":"open","template":"","meta":[],"_links":{"self":[{"href":"https:\/\/www.euassistant.com\/es\/wp-json\/wp\/v2\/pages\/63"}],"collection":[{"href":"https:\/\/www.euassistant.com\/es\/wp-json\/wp\/v2\/pages"}],"about":[{"href":"https:\/\/www.euassistant.com\/es\/wp-json\/wp\/v2\/types\/page"}],"author":[{"embeddable":true,"href":"https:\/\/www.euassistant.com\/es\/wp-json\/wp\/v2\/users\/1"}],"replies":[{"embeddable":true,"href":"https:\/\/www.euassistant.com\/es\/wp-json\/wp\/v2\/comments?post=63"}],"version-history":[{"count":31,"href":"https:\/\/www.euassistant.com\/es\/wp-json\/wp\/v2\/pages\/63\/revisions"}],"predecessor-version":[{"id":232,"href":"https:\/\/www.euassistant.com\/es\/wp-json\/wp\/v2\/pages\/63\/revisions\/232"}],"wp:attachment":[{"href":"https:\/\/www.euassistant.com\/es\/wp-json\/wp\/v2\/media?parent=63"}],"curies":[{"name":"wp","href":"https:\/\/api.w.org\/{rel}","templated":true}]}}