                                                                                                                                                                                                                                                                                                                                                                                                                                                                                                                                                                                                                                                                                                                                                                                                                                                        {"id":65,"date":"2017-02-20T10:35:54","date_gmt":"2017-02-20T10:35:54","guid":{"rendered":"http:\/\/www.euassistant.com\/?page_id=65"},"modified":"2018-10-15T14:54:02","modified_gmt":"2018-10-15T12:54:02","slug":"resultados","status":"publish","type":"page","link":"https:\/\/www.euassistant.com\/es\/resultados\/","title":{"rendered":"Resultados"},"content":{"rendered":"<p><\/p>\n<p>Asistente Personal de personas dependientes: definici\u00f3n de competencias e itinerario formativo.<\/p>\n<div>\n<p><a href=\"\/wp-content\/themes\/dustland-express\/files\/ES\/M\u00f3dulo 1 Diversidad Funcional.pdf\" target=\"_blank\">M\u00f3dulo 1 Diversidad Funcional<\/a><\/p>\n<p><a href=\"\/wp-content\/themes\/dustland-express\/files\/ES\/M\u00f3dulo 2 Filosof\u00eda de Vida Independiente.pdf\" target=\"_blank\">M\u00f3dulo 2 Filosof\u00eda de Vida Independiente<\/a><\/p>\n<p><a href=\"\/wp-content\/themes\/dustland-express\/files\/ES\/M\u00f3dulo 3 Asistente Personal.pdf\" target=\"_blank\">M\u00f3dulo 3 Asistente Personal<\/a><\/p>\n<p><a href=\"\/wp-content\/themes\/dustland-express\/files\/ES\/M\u00f3dulo 4 Habilidades de comunicaci\u00f3n.pdf\" target=\"_blank\">M\u00f3dulo 4 Habilidades de comunicaci\u00f3n<\/a><\/p>\n<p><a href=\"\/wp-content\/themes\/dustland-express\/files\/ES\/M\u00f3dulo 5 Promoci\u00f3n de la Autonom\u00eda.pdf\" target=\"_blank\">M\u00f3dulo 5 Promoci\u00f3n de la Autonom\u00eda<\/a><\/p>\n<p><a href=\"\/wp-content\/themes\/dustland-express\/files\/ES\/M\u00f3dulo 6 Habilidades organizativas.pdf\" target=\"_blank\">M\u00f3dulo 6 Habilidades organizativas<\/a><\/p>\n<p><a href=\"\/wp-content\/themes\/dustland-express\/files\/ES\/M\u00f3dulo 7 Otras habilidades personales.pdf\" target=\"_blank\">M\u00f3dulo 7 Otras habilidades personales<\/a><\/p>\n<p><a href=\"\/wp-content\/themes\/dustland-express\/files\/ES\/M\u00f3dulo 8 Atenci\u00f3n Primaria.pdf\" target=\"_blank\">M\u00f3dulo 8 Atenci\u00f3n Primaria<\/a><\/p>\n<p><a href=\"\/wp-content\/themes\/dustland-express\/files\/ES\/M\u00f3dulo 9 Movilizaciones.pdf\" target=\"_blank\">M\u00f3dulo 9 Movilizaciones<\/a><\/p>\n<p><a href=\"\/wp-content\/themes\/dustland-express\/files\/ES\/M\u00f3dulo 10 Herramientas asistenciales.pdf\" target=\"_blank\">M\u00f3dulo 10 Herramientas asistenciales<\/a><\/p>\n<\/div>\n<p>Asistente Personal de personas dependientes: entorno de aprendizaje colaborativo.<\/p>\n<p>Para acceder al entorno de aprendizaje hacer <a href=\"http:\/\/eu-assistant.pragmaeng.it\/login\/index.php\" target=\"_blank\">click aqu\u00ed<\/a>.<\/p>\n<p><\/p>","protected":false},"excerpt":{"rendered":"<p>Asistente Personal de personas dependientes: definici\u00f3n de competencias e itinerario formativo. M\u00f3dulo 1 Diversidad Funcional M\u00f3dulo 2 Filosof\u00eda de Vida Independiente M\u00f3dulo 3 Asistente Personal M\u00f3dulo 4 Habilidades de comunicaci\u00f3n M\u00f3dulo 5 Promoci\u00f3n de la Autonom\u00eda M\u00f3dulo 6 Habilidades organizativas M\u00f3dulo 7 Otras habilidades personales M\u00f3dulo 8 Atenci\u00f3n Primaria M\u00f3dulo 9 Movilizaciones M\u00f3dulo 10 Herramientas [&hellip;]<\/p>\n","protected":false},"author":1,"featured_media":0,"parent":0,"menu_order":0,"comment_status":"closed","ping_status":"open","template":"","meta":[],"_links":{"self":[{"href":"https:\/\/www.euassistant.com\/es\/wp-json\/wp\/v2\/pages\/65"}],"collection":[{"href":"https:\/\/www.euassistant.com\/es\/wp-json\/wp\/v2\/pages"}],"about":[{"href":"https:\/\/www.euassistant.com\/es\/wp-json\/wp\/v2\/types\/page"}],"author":[{"embeddable":true,"href":"https:\/\/www.euassistant.com\/es\/wp-json\/wp\/v2\/users\/1"}],"replies":[{"embeddable":true,"href":"https:\/\/www.euassistant.com\/es\/wp-json\/wp\/v2\/comments?post=65"}],"version-history":[{"count":38,"href":"https:\/\/www.euassistant.com\/es\/wp-json\/wp\/v2\/pages\/65\/revisions"}],"predecessor-version":[{"id":268,"href":"https:\/\/www.euassistant.com\/es\/wp-json\/wp\/v2\/pages\/65\/revisions\/268"}],"wp:attachment":[{"href":"https:\/\/www.euassistant.com\/es\/wp-json\/wp\/v2\/media?parent=65"}],"curies":[{"name":"wp","href":"https:\/\/api.w.org\/{rel}","templated":true}]}}