                                                                                                                                                                                                                                                                                                                                                                                                                                                                                                                                                                                                                                                                                                                                                                                                                                                        {"id":61,"date":"2017-02-20T10:35:29","date_gmt":"2017-02-20T10:35:29","guid":{"rendered":"http:\/\/www.euassistant.com\/?page_id=61"},"modified":"2017-04-25T12:56:28","modified_gmt":"2017-04-25T10:56:28","slug":"proyecto","status":"publish","type":"page","link":"https:\/\/www.euassistant.com\/it\/proyecto\/","title":{"rendered":"Progetto"},"content":{"rendered":"<p><\/p>\n<p>Un sesto delle persone nell&#8217;Unione Europea vive una condizione di disabilit\u00e0, da leggera a grve, per un totale di 80 milioni di persone con limitazioni nelle capacit\u00e0 di partecipare pienamente alla vita economica e sociale del Unione, principalmente a causa di barriere ambientali e personali.<\/p>\n<p>Comunque, la loro piena partecipazione economica e sociale \u00e8 essenziale nella realizzazione degli obiettivi di Europa 2020 che significano la creazione di una crescita intelligente, sostenibile ed inclusiva. La creazione di una societ\u00e0\u00e8 che includa tutti rappresenta anche una opportunit\u00e0 di mercato e promuove processi di innovazione. In questo modo, la Strategia Europa 2020 mette in moto un processo finalizzato al &#8220;empowerment&#8221; delle persone con disabilit\u00e0 in modo che possano partecipare pienamente alla societ\u00e0 alla stesso modo di tutti gli altri.<\/p>\n<p>Questa Strategia Europa \u00e8 ribadita nel articolo 19 della Convenzione ONU per i Diritti delle Persone con Disabilit\u00e0 (&#8220;Vivere in modo indipendente ed essere inclusi nella collettivit\u00e0&#8221;). Al fine di raggiungere la piena implementazione di questo processo, uno degli aspetti chiave \u00e8 quello di prevedere il diritto alla assistenza personale riconoscendo <strong>il ruolo del Assistente Personale per le persone con disabilit\u00e0<\/strong>.<\/p>\n<p>Sia lo sviluppo che il riconoscimento di questo profilo professionale \u00e8 molto diversificato nei paesi europei. Tra il 1980 ed 1990 i servizi di assistenza personale sono stati sviluppati nei paesi del Nord Europa. In paesi come Irlanda, Gran Bretagna, Svezia, Norvegia, Danimarca, Olanda, Austra e Germania, la figura del assistente personale esiste da anni. Questa figura \u00e8 stato proposta dal Movimento per la Vita Indipendente sorto negli Stati Uniti nel anni 70.<\/p>\n<p>In questo contesto, il progetto  EU-Assistant ha come obiettivi principali:<\/p>\n<ul>\n<li>Contribuire allo sviluppo di un percorso formativo per la figura del assistente personale.<\/li>\n<li>Sviluppare un curriculum e materiali formativi in linea con EQF.<\/li>\n<li>Contribuire alla consapevolezza circa il profilo professionale ed alla sua importanza.<\/li>\n<\/ul>\n<p>Il raggiungimento di questi obiettivi si basa sullo sviluppo di una serie di risultati di progetto. Tra cui la definzione delle competenze e del percorso formativo per un corso di base che sar\u00e0 implementato per formare gli Assistenti Personali all&#8217;interno di un ambiente di apprendimento collaborativo.<\/p>\n<p>EU-ASSISTANT \u00e8 un progetto di Partnership Strategica finanziato dalla Commissione Europea nell&#8217;ambito del Programma Erasmus+.<\/p>\n<p><\/p>","protected":false},"excerpt":{"rendered":"<p>Un sesto delle persone nell&#8217;Unione Europea vive una condizione di disabilit\u00e0, da leggera a grve, per un totale di 80 milioni di persone con limitazioni nelle capacit\u00e0 di partecipare pienamente alla vita economica e sociale del Unione, principalmente a causa di barriere ambientali e personali. Comunque, la loro piena partecipazione economica e sociale \u00e8 essenziale [&hellip;]<\/p>\n","protected":false},"author":1,"featured_media":0,"parent":0,"menu_order":0,"comment_status":"closed","ping_status":"open","template":"","meta":[],"_links":{"self":[{"href":"https:\/\/www.euassistant.com\/it\/wp-json\/wp\/v2\/pages\/61"}],"collection":[{"href":"https:\/\/www.euassistant.com\/it\/wp-json\/wp\/v2\/pages"}],"about":[{"href":"https:\/\/www.euassistant.com\/it\/wp-json\/wp\/v2\/types\/page"}],"author":[{"embeddable":true,"href":"https:\/\/www.euassistant.com\/it\/wp-json\/wp\/v2\/users\/1"}],"replies":[{"embeddable":true,"href":"https:\/\/www.euassistant.com\/it\/wp-json\/wp\/v2\/comments?post=61"}],"version-history":[{"count":15,"href":"https:\/\/www.euassistant.com\/it\/wp-json\/wp\/v2\/pages\/61\/revisions"}],"predecessor-version":[{"id":162,"href":"https:\/\/www.euassistant.com\/it\/wp-json\/wp\/v2\/pages\/61\/revisions\/162"}],"wp:attachment":[{"href":"https:\/\/www.euassistant.com\/it\/wp-json\/wp\/v2\/media?parent=61"}],"curies":[{"name":"wp","href":"https:\/\/api.w.org\/{rel}","templated":true}]}}