                                                                                                                                                                                                                                                                                                                                                                                                                                                                                                                                                                                                                                                                                                                                                                                                                                                        {"id":63,"date":"2017-02-20T10:35:42","date_gmt":"2017-02-20T10:35:42","guid":{"rendered":"http:\/\/www.euassistant.com\/?page_id=63"},"modified":"2017-04-26T10:46:00","modified_gmt":"2017-04-26T08:46:00","slug":"socios","status":"publish","type":"page","link":"https:\/\/www.euassistant.com\/it\/socios\/","title":{"rendered":"Partners"},"content":{"rendered":"<p><\/p>\n<div id=\"socios\">\n<h2>PREDIF-IB<\/h2>\n<p>La Federazione Predif Illes Balears (Predif-IB) \u00e8 una organizzazione senza scopo di lucro il cui scopo \u00e8 migliorare la vita delle persone con disabilit\u00e0 fisiche e delle loro famiglie. E\u2019 membro della Confederazione PREDIF, che rappresenta e realizza programmi a favore di quasi 100.000 persone con disabilit\u00e0 fisica, direttamente e indirettamente, promuovendo azioni a favore di tutte le persone con disabilit\u00e0 fisica in Spagna. Essa pu\u00f2 contare su un&#8217;esperienza, attraverso le sue federazioni affiliate, ultra trentennale. Predif-IB offre consigli su accessibilit\u00e0 e progettazione universale; supporta persone con disabilit\u00e0 fisica per migliorare le proprie competenze e abilit\u00e0 nel loro processo di ricerca di lavoro, e, infine, offre percorsi personalizzati, valorizzando l&#8217;intervento di gruppo come metodo per l\u2019empowerment della persona.<\/p>\n<h2>H-FOUNDATION<\/h2>\n<p>&#8220;H Foundation&#8221; \u00e8 un\u2019associazione non-governativa e senza scopo di lucro creata nel 1991. La missione dell&#8217;associazione \u00e8 quella di garantire pari opportunit\u00e0 di istruzione e formazione per persone con disabilit\u00e0 e per persone svantaggiate. L&#8217;associazione offre corsi per professionisti che lavorano con le persone con disabilit\u00e0, per gli operatori del front desk che entrano in contatto con le persone con disabilit\u00e0 e con i loro genitori, ma anche corsi per i genitori che hanno figli con disabilit\u00e0. Nel corso del tempo, la nostra associazione ha sviluppato e realizzato molte campagne per l&#8217;integrazione dei bambini e giovani con disabilit\u00e0 fisica nella scuola e per il miglioramento dell&#8217;accessibilit\u00e0 per adulti con disabilit\u00e0 fisica. L&#8217;associazione utilizza le pi\u00f9 recenti metodologie e tecniche di insegnamento \/ apprendimento, fornendo ai suoi utenti piattaforme e-learning e corsi in blended learning.<\/p>\n<h2>PRAGMA<\/h2>\n<p>Pragma \u00e8 una PMI che opera nell\u2019ambito di applicazioni di ingegneria elettronica (hw + sw): le aree principali di interesse sono il settore industriale (ATE) e le tecnologie per l\u2019assistenza. In quest&#8217;ultimo campo ha instaurato da oltre 10 anni una collaborazione con le istituzioni sanitarie pubbliche fornendo supporto tecnologico e soluzioni nel campo delle tecnologie assistive.<\/p>\n<ul>\n<li>Fornitore di formazione di base su piattaforma LCMS: in questo campo, Pragma \u00e8 responsabile dello sviluppo della piattaforma e-learning nell\u2019ambito del progetto POSDRU, che \u00e8 il collegamento fra 5 principali universit\u00e0 in Romania (Bucarest, Iasi, Brasov, Cluj, Timisoara).<\/li>\n<li>Sistemi di Teleriabilitazione (EU trademark NU!Reha) per pazienti neurologici (terapia occupazionale e riabilitazione cognitiva).<\/li>\n<li>Ausili tecnologici &#8211; partner del Centro di Consulenza Regionale che lavoroa per le istituzioni sanitarie pubbliche della regione Umbria.<\/li>\n<li>Ausili tecnologici &#8211; produzione e personalizzazione HW-SW su piattaforme Windows e Android.<\/li>\n<li>Socio e consulente del Polo di Innovazione regionale dell&#8217;Umbria nell\u2019ambito di soluzioni per le &#8220;tecnologie sociali&#8221; (carrozzine, sistemi context-aware, controllo intelligente degli elettrodomestici).<\/li>\n<\/ul>\n<h2>ITINKLAS<\/h2>\n<p>Iniciatyvu Tinklas riunisce organizzazioni e per la maggior parte persone che operano nel settore della legge, della psicologia, del lavoro sociale, della pedagogia e del volontariato e sono uniti da obiettivi comuni per aiutare le persone a perseguire un dialogo intergenerazionale, promuovere le loro iniziative, scoprire il volontariato, migliorare la proprie competenze e abilit\u00e0 per trovare soluzioni ai problemi. Iniciatyvu Tinklas promuove  l&#8217;imprenditorialit\u00e0 e la leadership e riconosce il proprio ruolo di responsabile del cambiamento nello sviluppo della societ\u00e0 civile.<\/p>\n<h2>MEDIA CREATIVA<\/h2>\n<p>Media Creativa &#8211; MC2020 \u00e8 il risultato di oltre 20 anni di esperienza, di sfide e lezioni apprese da un gruppo interdisciplinare di professionisti che condividono una passione comune: l&#8217;innovazione educativa.<\/p>\n<p>MC2020 opera per valorizzare i settori di apprendimento, ricerca, progettazione e sviluppo di una diversa offerta formativa, ispirata da metodologie innovative e approcci pedagogici come la narrazione (tra cui la narrazione digitale), la formazione problem-based, gamification, game-based learning, ecc. Cercando di cogliere tutte le potenzialit\u00e0 offerte dalle nuove tecnologie, usiamo applicazioni, giochi, webseries, webminars, mobile learning<\/p>\n<p>La qualit\u00e0 del nostro lavoro si fonda sulla conoscenza della realt\u00e0 e l&#8217;ascolto delle esigenze dei nostri utenti finali. Sviluppiamo studi, analizziamo i bisogni formativi, progettiamo e offriamo corsi attraverso il nostro campus (campus-creativa.com), organizziamo workshop e conferenze, proponendo offerte personalizzate.<\/p>\n<h2>ISEM<\/h2>\n<p>La Direzione Provinciale di Studi Sociali e Progetti di Istanbul, (ISEM), \u00e8 stata istituita per favorire lo sviluppo regionale e garantirne la sostenibilit\u00e0 attraverso l\u2019incremento della cooperazione tra i settori pubblico- privato e le organizzazioni non governative garantendo un uso appropriato ed efficiente delle risorse, e impegnando il potenziale locale, per la realizzazione dell\u2019idea di un&#8217;unione con una struttura pi\u00f9 dinamica e pi\u00f9 innovativa nei processi di espansione, verso i quali l&#8217;Unione europea sta andando, e in relazione al processo di democratizzazione in conformit\u00e0 con le politiche dell&#8217;UE.<\/p>\n<p>ISEM, essendo investita di molte responsabilit\u00e0 dal Ministero dell&#8217;Interno e dal Governatorato di lstanbul, ha una vasta gamma di attivit\u00e0 e cerca di trovare soluzioni alle esigenze di Istanbul, una delle pi\u00f9 grandi citt\u00e0 cosmopolite del mondo. Finora ha preso parte a vari programmi comunitari (Leonardo, Socrates \/ Grundtvig, EQUAL, LLP, FSE, eTEN, FP, Erasmus +, H2020, IEE ecc.) e in molte attivit\u00e0 connesse ai progetti UE, sia come coordinatore sia come partner.<\/p>\n<\/div>\n<p><\/p>","protected":false},"excerpt":{"rendered":"<p>PREDIF-IB La Federazione Predif Illes Balears (Predif-IB) \u00e8 una organizzazione senza scopo di lucro il cui scopo \u00e8 migliorare la vita delle persone con disabilit\u00e0 fisiche e delle loro famiglie. E\u2019 membro della Confederazione PREDIF, che rappresenta e realizza programmi a favore di quasi 100.000 persone con disabilit\u00e0 fisica, direttamente e indirettamente, promuovendo azioni a [&hellip;]<\/p>\n","protected":false},"author":1,"featured_media":0,"parent":0,"menu_order":0,"comment_status":"closed","ping_status":"open","template":"","meta":[],"_links":{"self":[{"href":"https:\/\/www.euassistant.com\/it\/wp-json\/wp\/v2\/pages\/63"}],"collection":[{"href":"https:\/\/www.euassistant.com\/it\/wp-json\/wp\/v2\/pages"}],"about":[{"href":"https:\/\/www.euassistant.com\/it\/wp-json\/wp\/v2\/types\/page"}],"author":[{"embeddable":true,"href":"https:\/\/www.euassistant.com\/it\/wp-json\/wp\/v2\/users\/1"}],"replies":[{"embeddable":true,"href":"https:\/\/www.euassistant.com\/it\/wp-json\/wp\/v2\/comments?post=63"}],"version-history":[{"count":31,"href":"https:\/\/www.euassistant.com\/it\/wp-json\/wp\/v2\/pages\/63\/revisions"}],"predecessor-version":[{"id":232,"href":"https:\/\/www.euassistant.com\/it\/wp-json\/wp\/v2\/pages\/63\/revisions\/232"}],"wp:attachment":[{"href":"https:\/\/www.euassistant.com\/it\/wp-json\/wp\/v2\/media?parent=63"}],"curies":[{"name":"wp","href":"https:\/\/api.w.org\/{rel}","templated":true}]}}