                                                                                                                                                                                                                                                                                                                                                                                                                                                                                                                                                                                                                                                                                                                                                                                                                                                        {"id":61,"date":"2017-02-20T10:35:29","date_gmt":"2017-02-20T10:35:29","guid":{"rendered":"http:\/\/www.euassistant.com\/?page_id=61"},"modified":"2017-04-25T12:56:28","modified_gmt":"2017-04-25T10:56:28","slug":"proyecto","status":"publish","type":"page","link":"https:\/\/www.euassistant.com\/lt\/proyecto\/","title":{"rendered":"Projekt\u0105"},"content":{"rendered":"<p><\/p>\n<p>Vienas i\u0161 \u0161e\u0161i\u0173 ES pilie\u010di\u0173 turi \u012fvairaus lygio negali\u0105, tod\u0117l net apie 80 mln. \u017emoni\u0173 negali visa apimtimi dalyvauti visuomen\u0117s ir ekonominiame gyvenime d\u0117l visuomen\u0117s po\u017ei\u016brio ir aplinkos kli\u016b\u010di\u0173.<\/p>\n<p>Siekiant u\u017etikrinti Europa 2020 strategijos \u012fgyvendinim\u0105, labai svarbu pasiekti ekonomin\u0119 bei socialin\u0119 \u0161ios \u017emoni\u0173 grup\u0117s \u012ftraukt\u012f. Visuomen\u0117s, pasi\u017eymin\u010dios visuotine \u012ftrauktimi, k\u016brimas skatina inovacijas bei naujas rinkos galimybes. Tod\u0117l \u0161i strategija \u012fgalina procesus, skirtus prisid\u0117ti prie lygiateisio ne\u012fgali\u0173 \u017emoni\u0173 dalyvavimo visuomen\u0117s gyvenime.<\/p>\n<p>\u0160i Europos strategija yra \u012fk\u016bnyta 19-ame Jungtini\u0173 Taut\u0173 ne\u012fgali\u0173j\u0173 teisi\u0173 konvencijos straipsnyje (savaranki\u0161kas gyvenimas ir \u012fsitraukimas \u012f bendruomenin\u012f gyvenim\u0105). Siekiant visi\u0161ko \u0161i\u0173 proces\u0173 \u012fgyvendinimo, vienas i\u0161 pagrindini\u0173 teisi\u0173 \u012f asmenin\u0119 pagalb\u0105 u\u017etikrinimo prielaid\u0173 yra asmeninio asistento rol\u0117s nuo pagalbos priklausom\u0173 \u017emoni\u0173 gyvenime pripa\u017einimas.<\/p>\n<p>Tiek \u0161ios profesijos vystymasis, tiek pripa\u017einimas tarp \u012fvairi\u0173 Europos \u0161ali\u0173 labai skiriasi. \u0160iaur\u0117s Europos valstyb\u0117se asmeninio asistento paslaugos buvo teikiamos nuo pat 1980-\u0173j\u0173 ir 1990-\u0173j\u0173. Tokiose \u0161alyse kaip Airija, Did\u017eioji Britanija, \u0160vedija, Norvegija, Danija, Nyderlandai, Austrija ir Vokietija, asmeninio asistento profesija egzistuoja daugyb\u0119 met\u0173.<\/p>\n<p>\u0160iame kontekste ES asistento programai keliami \u0161ie u\u017edaviniai:<\/p>\n<ul>\n<li>Prisid\u0117ti prie personalinio asistento mokymo programos k\u016brimo.<\/li>\n<li>Sukurti mokymo med\u017eiag\u0105 ir mokymo plan\u0105 pagal bendr\u0105 europin\u0119 kvalifikacij\u0173 lygi\u0173 apra\u0161\u0173 sistem\u0105.<\/li>\n<li>Skatinti s\u0105moningum\u0105 asmeninio asistento ir jo svarbos at\u017evilgiu.<\/li>\n<\/ul>\n<p>\u0160i\u0173 u\u017edavini\u0173 \u012fgyvendinimas bus paremtas keleto projekto rezultat\u0173 suk\u016brimu. Svarbiausi j\u0173 \u2013 tai profesini\u0173 kompetencij\u0173 bei mokymo eigos apibr\u0117\u017eimas ir pagrindinio mokymo kurso, skirto asmeninio asistento rengimui bendradarbiavimu gr\u012fstoje aplinkoje, suk\u016brimas.<\/p>\n<p>EU-ASSISTANT (ES-asistentas) yra strategin\u0117 partneryst\u0117, finansuojama Europos Komisijos pagal ERASMUS+ program\u0105.<\/p>\n<p><\/p>","protected":false},"excerpt":{"rendered":"<p>Vienas i\u0161 \u0161e\u0161i\u0173 ES pilie\u010di\u0173 turi \u012fvairaus lygio negali\u0105, tod\u0117l net apie 80 mln. \u017emoni\u0173 negali visa apimtimi dalyvauti visuomen\u0117s ir ekonominiame gyvenime d\u0117l visuomen\u0117s po\u017ei\u016brio ir aplinkos kli\u016b\u010di\u0173. Siekiant u\u017etikrinti Europa 2020 strategijos \u012fgyvendinim\u0105, labai svarbu pasiekti ekonomin\u0119 bei socialin\u0119 \u0161ios \u017emoni\u0173 grup\u0117s \u012ftraukt\u012f. Visuomen\u0117s, pasi\u017eymin\u010dios visuotine \u012ftrauktimi, k\u016brimas skatina inovacijas bei naujas rinkos [&hellip;]<\/p>\n","protected":false},"author":1,"featured_media":0,"parent":0,"menu_order":0,"comment_status":"closed","ping_status":"open","template":"","meta":[],"_links":{"self":[{"href":"https:\/\/www.euassistant.com\/lt\/wp-json\/wp\/v2\/pages\/61"}],"collection":[{"href":"https:\/\/www.euassistant.com\/lt\/wp-json\/wp\/v2\/pages"}],"about":[{"href":"https:\/\/www.euassistant.com\/lt\/wp-json\/wp\/v2\/types\/page"}],"author":[{"embeddable":true,"href":"https:\/\/www.euassistant.com\/lt\/wp-json\/wp\/v2\/users\/1"}],"replies":[{"embeddable":true,"href":"https:\/\/www.euassistant.com\/lt\/wp-json\/wp\/v2\/comments?post=61"}],"version-history":[{"count":15,"href":"https:\/\/www.euassistant.com\/lt\/wp-json\/wp\/v2\/pages\/61\/revisions"}],"predecessor-version":[{"id":162,"href":"https:\/\/www.euassistant.com\/lt\/wp-json\/wp\/v2\/pages\/61\/revisions\/162"}],"wp:attachment":[{"href":"https:\/\/www.euassistant.com\/lt\/wp-json\/wp\/v2\/media?parent=61"}],"curies":[{"name":"wp","href":"https:\/\/api.w.org\/{rel}","templated":true}]}}