                                                                                                                                                                                                                                                                                                                                                                                                                                                                                                                                                                                                                                                                                                                                                                                                                                                        {"id":63,"date":"2017-02-20T10:35:42","date_gmt":"2017-02-20T10:35:42","guid":{"rendered":"http:\/\/www.euassistant.com\/?page_id=63"},"modified":"2017-04-26T10:46:00","modified_gmt":"2017-04-26T08:46:00","slug":"socios","status":"publish","type":"page","link":"https:\/\/www.euassistant.com\/lt\/socios\/","title":{"rendered":"Partneriai"},"content":{"rendered":"<p><\/p>\n<div id=\"socios\">\n<h2>PREDIF-IB<\/h2>\n<p>Federation Predif Illes Balears (Predif-ib) yra nevyriausybin\u0117 organizacija, kurios veikla apima \u017emoni\u0173 su fizine negalia ir j\u0173 \u0161eimos nari\u0173 gyvenimo kokyb\u0117s gerinim\u0105. Ji yra PREDIF konfederacijos nar\u0117. PREDIF vykdomos programos tiesiogiai ir netiesiogiai prisideda prie beveik 100000 fizin\u0119 negali\u0105 turin\u010di\u0173 \u017emoni\u0173 pad\u0117ties gerinimo visoje Ispanijoje. Savo veikloje Predif-ib pasitelkia daugiau nei trij\u0173 de\u0161imtme\u010di\u0173 federacijos nari\u0173 patirt\u012f. Organizacija remia nedirban\u010dius \u017emones su psichine negalia, teikia individuali\u0105 ir grupin\u0119 pagalb\u0105, lavindama j\u0173 \u012fg\u016bd\u017eius, siekiant asmeninio tobul\u0117jimo bei didesnio dalyvavimo darbo rinkoje intensyvumo.<\/p>\n<h2>H-FOUNDATION<\/h2>\n<p>Asociacija \u201eH-Foundation\u201c yra nevyriausybin\u0117 nepelno siekianti organizacija \u012fsteigta 1991 m. Organizacijos misija \u2013 u\u017etikrinti lygias nepalankioje pad\u0117tyje esan\u010di\u0173 arba negali\u0105 turin\u010di\u0173 \u017emoni\u0173 galimybes siekti mokslo ir \u012fgyti \u017eini\u0173. Asociacija rengia kursus asmenims dirbantiems su negali\u0105 turin\u010diais \u017emon\u0117mis, nuo tiesiogiai su ne\u012fgaliaisiais kontaktuojan\u010di\u0173 \u012fvairi\u0173 \u012fstaig\u0173 specialist\u0173 iki t\u0117v\u0173, kurie augina ne\u012fgalius vaikus. Per daugel\u012f met\u0173 asociacija \u012fgyvendino nema\u017eai integracinio pob\u016bd\u017eio iniciatyv\u0173, skirt\u0173 fizin\u0119 negali\u0105 turin\u010di\u0173 jaun\u0173 \u017emoni\u0173 \u012fsiliejimui \u012f reguliarias mokymo \u012fstaigas bei paslaug\u0173 ir infrastrukt\u016bros prieinamumo \u017emon\u0117ms su negalia gerinimui. Savo veikloje asociacija taiko pa\u017eangiausius ugdymo metodus, \u012fskaitant elektronines mokymosi platformas ir mi\u0161raus ugdymo kursus.<\/p>\n<h2>PRAGMA<\/h2>\n<p>Pragma yra MV\u012e, dirbanti pagalbini\u0173 prietais\u0173 ir technologij\u0173 elektronin\u0117s in\u017einerijos (aparatin\u0117s ir programin\u0117s \u012frangos) srityje. Organizacija jau 10 met\u0173 bendradarbiauja su vie\u0161osiomis sveikatos prie\u017ei\u016bros institucijomis pagalbini\u0173 technologini\u0173 sprendim\u0173 ir techninio palaikymo srityse.<\/p>\n<ul>\n<li>\u0160vietimo paslaugos LCMS platformoje: \u0161ioje srityje Pragma atsakinga u\u017e POSDRU projekto elektroninio mokymosi platformos suk\u016brim\u0105. Platforma jungia 5 did\u017eiausius Rumunijos universitetus (Bukare\u0161to, Jasai, Brasovo, Cluj, Timisoaros).<\/li>\n<li>Telereabilitacijos sistemos (po ES prekiniu \u017eenklu NU!Reha) taikymas neurologijoje (darbin\u0117 terapija ir kognityvin\u0117 reabilitacija).<\/li>\n<li>Technologin\u0117 pagalba \u2013 konsultacinis Umbrijos regioninio centro partneris.<\/li>\n<li>Technologin\u0117 pagalba \u2013programin\u0117s ir aparatin\u0117s \u012frangos k\u016brimas ir modifikavimas Windows ir Android platformoms.<\/li>\n<li>In\u017einerinis Regioninio inovacinio klasterio Umbrijoje socialini\u0173 technologij\u0173 srityje (ne\u012fgali\u0173j\u0173 ve\u017eim\u0117liai, kontekstine s\u0105veikos sistemos, i\u0161mani\u0173j\u0173 buitini\u0173 technologij\u0173 kontrol\u0117) konsultantas.<\/li>\n<\/ul>\n<h2>INICIATYV\u0172 TINKLAS<\/h2>\n<p>Asociacija \u201eIniciatyv\u0173 tiklas\u201c organizuoja \u0161vie\u010diamuosius renginius, telkia narius, pl\u0117toja partneryst\u0117s ry\u0161ius, dalijasi praktika bei patirtimi. Dauguma organizacij\u0173, kurias vienija asociacija arba su kuriomis palaiko ry\u0161ius praktikuoja teis\u0119, psichologij\u0105, socialin\u012f darb\u0105, suaugusi\u0173j\u0173 ir jaunimo \u0161vietim\u0105 bei savanoryst\u0119. Asociacij\u0105 ir partnerius vienija tikslas pad\u0117ti pilie\u010diams bei organizacijoms siekti tarptautinio dialogo, skatinti j\u0173 iniciatyvas, dalyvauti ir propaguoti savanori\u0161kas veiklas, vis\u0105 gyvenim\u0105 ugdyti \u012fg\u016bd\u017eius bei kompetencijas ir drauge ie\u0161koti sprendim\u0173 \u012fvairioms socialin\u0117ms problemoms.<\/p>\n<h2>MEDIA CREATIVA<\/h2>\n<p>Media Creativa \u2013 MC2020 \u2013 tai daugiau nei 20-ies met\u0173 patirties, i\u0161\u0161\u016bki\u0173 ir i\u0161mokt\u0173 pamok\u0173 rezultatas, kuriuo dalijasi \u012fvairi\u0173 disciplin\u0173 specialist\u0173 grup\u0117, vienijama bendros aistros \u2013 \u0161vietimo inovacij\u0173.<\/p>\n<p>MC2020 savo darbu siekia mokymuisi ir mokymo erdv\u0117ms suteikti papildomos vert\u0117s, \u012f pagalb\u0105 pasitelkdama tyrimus, projektuodama ir kurdama alternatyvaus ugdymo galimybes, \u012fkv\u0117ptas naujovi\u0161k\u0173 metod\u0173 ir novatori\u0161ko po\u017ei\u016brio \u012f pedagoginius procesus, toki\u0173 kaip istorij\u0173 pasakojimas (\u012fskaitant skaitmenin\u012f), probleminio mokymo, su\u017eaidybinimo, \u017eaidimais paremto mokymosi ir pan. Siekdami visi\u0161kai i\u0161naudoti nauj\u0173 technologij\u0173 si\u016blom\u0105 potencial\u0105, mes panaudojame kompiuterinius \u017eaidimus, programas, interneto transliacijas, i\u0161mani\u0105sias mokymosi technologijas&#8230;<\/p>\n<p>M\u016bs\u0173 kuriam\u0173 produkt\u0173 kokyb\u0117 paremta pirmin\u0117mis rinkos \u017einiomis ir potenciali\u0173 klient\u0173 poreiki\u0173 i\u0161manymu. Mes rengiame tyrimus, analizuojame mokymosi poreikius, projektuojame ir savo universiteto miestelyje (campus-creativa.com) pateikiame mokymosi kursus. Organizuojame k\u016brybines dirbtuves ir konferencijas, vengiame generalizacij\u0173 ir visuomet siekiame kuo geresnio individualaus pritaikomumo.<\/p>\n<h2>ISEM<\/h2>\n<p>ISEM buvo \u012fkurta, siekiant pagreitinti region\u0173 vystym\u0105si ir u\u017etikrinti vystymosi tvarum\u0105, pl\u0117tojant vie\u0161ojo, privataus ir nevyriausybinio sektoriaus organizacij\u0173 bendradarbiavim\u0105, siekiant u\u017etikrinti tinkam\u0105 ir efektyv\u0173 resurs\u0173 naudojim\u0105, vietinio potencialo mobilizacij\u0105, skirt\u0105 s\u0105jungos id\u0117jos, paremtos dinami\u0161kesn\u0117s ir inovatyvesn\u0117s pl\u0117tros procesais, kuriuos i\u0161gyvena ES, ir demokratizacijos proces\u0173, atitinkan\u010di\u0173 ES tvark\u0105, \u012fgyvendinimui.<\/p>\n<p>ISEM siekia atrasti sprendimus, kurie atitikt\u0173 Stambulo, vieno did\u017eiausi\u0173 ir kosmopoliti\u0161kiausi\u0173 pasaulio miest\u0173, poreikius. ISEM yra dalyvavusi \u012fvairiose ES programose (Leonardo, Socrates\/Grundtvig, EQUAL, LLP, ESF, eTEN, FP, Erasmus+, H2020, IEE ir t.t.) ir daugyb\u0117je ES projekto veikl\u0173 tiek koordinatoriaus, tiek partnerio vaidmenyje.<\/p>\n<\/div>\n<p><\/p>","protected":false},"excerpt":{"rendered":"<p>PREDIF-IB Federation Predif Illes Balears (Predif-ib) yra nevyriausybin\u0117 organizacija, kurios veikla apima \u017emoni\u0173 su fizine negalia ir j\u0173 \u0161eimos nari\u0173 gyvenimo kokyb\u0117s gerinim\u0105. Ji yra PREDIF konfederacijos nar\u0117. PREDIF vykdomos programos tiesiogiai ir netiesiogiai prisideda prie beveik 100000 fizin\u0119 negali\u0105 turin\u010di\u0173 \u017emoni\u0173 pad\u0117ties gerinimo visoje Ispanijoje. Savo veikloje Predif-ib pasitelkia daugiau nei trij\u0173 de\u0161imtme\u010di\u0173 federacijos [&hellip;]<\/p>\n","protected":false},"author":1,"featured_media":0,"parent":0,"menu_order":0,"comment_status":"closed","ping_status":"open","template":"","meta":[],"_links":{"self":[{"href":"https:\/\/www.euassistant.com\/lt\/wp-json\/wp\/v2\/pages\/63"}],"collection":[{"href":"https:\/\/www.euassistant.com\/lt\/wp-json\/wp\/v2\/pages"}],"about":[{"href":"https:\/\/www.euassistant.com\/lt\/wp-json\/wp\/v2\/types\/page"}],"author":[{"embeddable":true,"href":"https:\/\/www.euassistant.com\/lt\/wp-json\/wp\/v2\/users\/1"}],"replies":[{"embeddable":true,"href":"https:\/\/www.euassistant.com\/lt\/wp-json\/wp\/v2\/comments?post=63"}],"version-history":[{"count":31,"href":"https:\/\/www.euassistant.com\/lt\/wp-json\/wp\/v2\/pages\/63\/revisions"}],"predecessor-version":[{"id":232,"href":"https:\/\/www.euassistant.com\/lt\/wp-json\/wp\/v2\/pages\/63\/revisions\/232"}],"wp:attachment":[{"href":"https:\/\/www.euassistant.com\/lt\/wp-json\/wp\/v2\/media?parent=63"}],"curies":[{"name":"wp","href":"https:\/\/api.w.org\/{rel}","templated":true}]}}