                                                                                                                                                                                                                                                                                                                                                                                                                                                                                                                                                                                                                                                                                                                                                                                                                                                        {"id":65,"date":"2017-02-20T10:35:54","date_gmt":"2017-02-20T10:35:54","guid":{"rendered":"http:\/\/www.euassistant.com\/?page_id=65"},"modified":"2018-10-15T14:54:02","modified_gmt":"2018-10-15T12:54:02","slug":"resultados","status":"publish","type":"page","link":"https:\/\/www.euassistant.com\/lt\/resultados\/","title":{"rendered":"Rezultatai"},"content":{"rendered":"<p><\/p>\n<p>Asmeninis (r\u016bpybos) asistentas: kompetencij\u0173 apibr\u0117\u017eimas ir mokymosi b\u016bdai.<\/p>\n<div>\n<p><a href=\"\/wp-content\/themes\/dustland-express\/files\/LT\/Modulis 1 Funkcine Ivairove-Negalia.pdf\" target=\"_blank\">Modulis 1 Funkcine Ivairove-Negalia<\/a><\/p>\n<p><a href=\"\/wp-content\/themes\/dustland-express\/files\/LT\/Modulis 2 Nepriklausomo gyvenimo filosoija.pdf\" target=\"_blank\">Modulis 2 Nepriklausomo gyvenimo filosoija<\/a><\/p>\n<p><a href=\"\/wp-content\/themes\/dustland-express\/files\/LT\/Modulis 3 Asmenis Asistentas.pdf\" target=\"_blank\">Modulis 3 Asmenis Asistentas<\/a><\/p>\n<p><a href=\"\/wp-content\/themes\/dustland-express\/files\/LT\/Modulis 4 Bendravimo Gebejimai.pdf\" target=\"_blank\">Modulis 4 Bendravimo Gebejimai<\/a><\/p>\n<p><a href=\"\/wp-content\/themes\/dustland-express\/files\/LT\/Modulis 5 Savarankiskumo Skatinimas.pdf\" target=\"_blank\">Modulis 5 Savarankiskumo Skatinimas<\/a><\/p>\n<p><a href=\"\/wp-content\/themes\/dustland-express\/files\/LT\/Modulis 6 rganizaciniai Igudziai.pdf\" target=\"_blank\">Modulis 6 rganizaciniai Igudziai<\/a><\/p>\n<p><a href=\"\/wp-content\/themes\/dustland-express\/files\/LT\/Modulis 7 Kiti asmaniniai jgudzia.pdf\" target=\"_blank\">Modulis 7 Kiti asmaniniai jgudzia<\/a><\/p>\n<p><a href=\"\/wp-content\/themes\/dustland-express\/files\/LT\/Modulis 8 Pirmines sveikatos prieziuros.pdf\" target=\"_blank\">Modulis 8 Pirmines sveikatos prieziuros<\/a><\/p>\n<p><a href=\"\/wp-content\/themes\/dustland-express\/files\/LT\/Modulis 9 Judejimas.pdf\" target=\"_blank\">Modulis 9 Judejimas<\/a><\/p>\n<p><a href=\"\/wp-content\/themes\/dustland-express\/files\/LT\/Modulis 10 Pagalbinaiai irankiai.pdf\" target=\"_blank\">Modulis 10 Pagalbinaiai irankiai<\/a><\/p>\n<\/div>\n<p>Asmeninis (r\u016bpybos) asistentas: bendradarbiavimu gr\u012fsta internetin\u0117 mokymosi aplinka (Online Collaborative Learning Environment (OER)).<\/p>\n<p>Nor\u0117dami susipa\u017einti su mokymosi aplinka, <a href=\"http:\/\/eu-assistant.pragmaeng.it\/login\/index.php\" target=\"_blank\">spustel\u0117kite \u010dia<\/a>.<\/p>\n<p><\/p>","protected":false},"excerpt":{"rendered":"<p>Asmeninis (r\u016bpybos) asistentas: kompetencij\u0173 apibr\u0117\u017eimas ir mokymosi b\u016bdai. Modulis 1 Funkcine Ivairove-Negalia Modulis 2 Nepriklausomo gyvenimo filosoija Modulis 3 Asmenis Asistentas Modulis 4 Bendravimo Gebejimai Modulis 5 Savarankiskumo Skatinimas Modulis 6 rganizaciniai Igudziai Modulis 7 Kiti asmaniniai jgudzia Modulis 8 Pirmines sveikatos prieziuros Modulis 9 Judejimas Modulis 10 Pagalbinaiai irankiai Asmeninis (r\u016bpybos) asistentas: bendradarbiavimu gr\u012fsta [&hellip;]<\/p>\n","protected":false},"author":1,"featured_media":0,"parent":0,"menu_order":0,"comment_status":"closed","ping_status":"open","template":"","meta":[],"_links":{"self":[{"href":"https:\/\/www.euassistant.com\/lt\/wp-json\/wp\/v2\/pages\/65"}],"collection":[{"href":"https:\/\/www.euassistant.com\/lt\/wp-json\/wp\/v2\/pages"}],"about":[{"href":"https:\/\/www.euassistant.com\/lt\/wp-json\/wp\/v2\/types\/page"}],"author":[{"embeddable":true,"href":"https:\/\/www.euassistant.com\/lt\/wp-json\/wp\/v2\/users\/1"}],"replies":[{"embeddable":true,"href":"https:\/\/www.euassistant.com\/lt\/wp-json\/wp\/v2\/comments?post=65"}],"version-history":[{"count":38,"href":"https:\/\/www.euassistant.com\/lt\/wp-json\/wp\/v2\/pages\/65\/revisions"}],"predecessor-version":[{"id":268,"href":"https:\/\/www.euassistant.com\/lt\/wp-json\/wp\/v2\/pages\/65\/revisions\/268"}],"wp:attachment":[{"href":"https:\/\/www.euassistant.com\/lt\/wp-json\/wp\/v2\/media?parent=65"}],"curies":[{"name":"wp","href":"https:\/\/api.w.org\/{rel}","templated":true}]}}