                                                                                                                                                                                                                                                                                                                                                                                                                                                                                                                                                                                                                                                                                                                                                                                                                                                        {"id":68,"date":"2017-02-20T10:37:10","date_gmt":"2017-02-20T10:37:10","guid":{"rendered":"http:\/\/www.euassistant.com\/?page_id=68"},"modified":"2017-04-25T13:58:00","modified_gmt":"2017-04-25T11:58:00","slug":"contacto","status":"publish","type":"page","link":"https:\/\/www.euassistant.com\/lt\/contacto\/","title":{"rendered":"Kontaktas"},"content":{"rendered":"<p><\/p>\n<div class=\"form-contacto\">\n<p class=\"form-contacto-titulo\">KONTAKTIN\u0116 FORMA<\/p>\n<div role=\"form\" class=\"wpcf7\" id=\"wpcf7-f206-o5\" lang=\"es-ES\" dir=\"ltr\">\n<div class=\"screen-reader-response\"><\/div>\n<form action=\"\/lt\/wp-json\/wp\/v2\/pages\/68#wpcf7-f206-o5\" method=\"post\" class=\"wpcf7-form\" novalidate=\"novalidate\">\n<div style=\"display: none;\">\n<input type=\"hidden\" name=\"_wpcf7\" value=\"206\" \/>\n<input type=\"hidden\" name=\"_wpcf7_version\" value=\"4.7\" \/>\n<input type=\"hidden\" name=\"_wpcf7_locale\" value=\"es_ES\" \/>\n<input type=\"hidden\" name=\"_wpcf7_unit_tag\" value=\"wpcf7-f206-o5\" \/>\n<input type=\"hidden\" name=\"_wpnonce\" value=\"00529df106\" \/>\n<\/div>\n<p><label for=\"your-name\"> Vardas (pra\u0161oma)<br \/>\n    <span class=\"wpcf7-form-control-wrap your-name\"><input type=\"text\" name=\"your-name\" value=\"\" size=\"40\" class=\"wpcf7-form-control wpcf7-text wpcf7-validates-as-required\" id=\"your-name\" aria-required=\"true\" aria-invalid=\"false\" \/><\/span> <\/label><\/p>\n<p><label for=\"your-email\"> El. p. (pra\u0161oma)<br \/>\n    <span class=\"wpcf7-form-control-wrap your-email\"><input type=\"email\" name=\"your-email\" value=\"\" size=\"40\" class=\"wpcf7-form-control wpcf7-text wpcf7-email wpcf7-validates-as-required wpcf7-validates-as-email\" id=\"your-email\" aria-required=\"true\" aria-invalid=\"false\" \/><\/span> <\/label><\/p>\n<p><label for=\"your-subject\"> Tema<br \/>\n    <span class=\"wpcf7-form-control-wrap your-subject\"><input type=\"text\" name=\"your-subject\" value=\"\" size=\"40\" class=\"wpcf7-form-control wpcf7-text\" id=\"your-subject\" aria-invalid=\"false\" \/><\/span> <\/label><\/p>\n<p><label for=\"your-message\"> Prane\u0161imo turinys<br \/>\n    <span class=\"wpcf7-form-control-wrap your-message\"><textarea name=\"your-message\" cols=\"40\" rows=\"10\" class=\"wpcf7-form-control wpcf7-textarea\" id=\"your-message\" aria-invalid=\"false\"><\/textarea><\/span> <\/label><\/p>\n<p><input type=\"submit\" value=\"Si\u0173sti\" class=\"wpcf7-form-control wpcf7-submit\" \/><\/p>\n<noscript>\n\t\t\t<div class=\"wpcf7-response-output wpcf7-spam-blocked\">Your browser does not support JavaScript!. Please enable javascript in your browser in order to get form work properly.<\/div>\n\t<\/noscript><script type='text\/javascript'>\n\n\t\t\t\t\t\tif(contactform === undefined){\n\t\t\t\t\t\t\tvar contactform = [];\n\t\t\t\t\t\t}\n\t\t\t\t\t\tvar innerVal = [206,'mail_sent_ok','A\u010di\u016b u\u017e J\u016bs\u0173 \u017einut\u0119. Jis buvo i&scaron;si\u0173stas.'];\n\t\t\t\t\t\tcontactform.push(innerVal);\n\t\t\t\t\t\tvar innerVal = [206,'mail_sent_ng','Bandant si\u0173sti savo prane&scaron;im\u0105 \u012fvyko klaida. Bandykite dar kart\u0105 v\u0117liau.'];\n\t\t\t\t\t\tcontactform.push(innerVal);\n\t\t\t\t\t\tvar innerVal = [206,'validation_error','Vienas ar daugiau lauk\u0173 klaid\u0105. Pra&scaron;ome per\u017ei\u016br\u0117ti ir bandykite dar kart\u0105.'];\n\t\t\t\t\t\tcontactform.push(innerVal);\n\t\t\t\t\t\tvar innerVal = [206,'spam','Bandant si\u0173sti savo prane&scaron;im\u0105 \u012fvyko klaida. Bandykite dar kart\u0105 v\u0117liau.'];\n\t\t\t\t\t\tcontactform.push(innerVal);\n\t\t\t\t\t\tvar innerVal = [206,'accept_terms','Turite sutikti su terminais ir s\u0105lygomis prie&scaron; i&scaron;si\u0173sdami \u017einut\u0119.'];\n\t\t\t\t\t\tcontactform.push(innerVal);\n\t\t\t\t\t\tvar innerVal = [206,'invalid_required','Laukas yra b\u016btinas.'];\n\t\t\t\t\t\tcontactform.push(innerVal);\n\t\t\t\t\t\tvar innerVal = [206,'invalid_too_long','Laukas yra per ilgas.'];\n\t\t\t\t\t\tcontactform.push(innerVal);\n\t\t\t\t\t\tvar innerVal = [206,'invalid_too_short','Laukas yra per trumpas.'];\n\t\t\t\t\t\tcontactform.push(innerVal);\n\t\t\t\t\t\tvar innerVal = [206,'invalid_date','Datos formatas yra neteisingas.'];\n\t\t\t\t\t\tcontactform.push(innerVal);\n\t\t\t\t\t\tvar innerVal = [206,'date_too_early','Data yra iki anks\u010diausiai neleid\u017eiama.'];\n\t\t\t\t\t\tcontactform.push(innerVal);\n\t\t\t\t\t\tvar innerVal = [206,'date_too_late','Data yra v\u0117lesn\u0117 nei v\u0117liau neleid\u017eiama.'];\n\t\t\t\t\t\tcontactform.push(innerVal);\n\t\t\t\t\t\tvar innerVal = [206,'upload_failed','Nebuvo ne\u017einoma klaida \u012fkeliant fail\u0105.'];\n\t\t\t\t\t\tcontactform.push(innerVal);\n\t\t\t\t\t\tvar innerVal = [206,'upload_file_type_invalid','J\u016bs neturite leidimo \u012fkelti failus &scaron;io tipo.'];\n\t\t\t\t\t\tcontactform.push(innerVal);\n\t\t\t\t\t\tvar innerVal = [206,'upload_file_too_large','&Scaron;is failas yra per didelis.'];\n\t\t\t\t\t\tcontactform.push(innerVal);\n\t\t\t\t\t\tvar innerVal = [206,'upload_failed_php_error','\u012ekeliant vaizd\u0105 \u012fvyko klaida.'];\n\t\t\t\t\t\tcontactform.push(innerVal);\n\t\t\t\t\t\tvar innerVal = [206,'invalid_number','Skai\u010dius formatas yra neteisingas.'];\n\t\t\t\t\t\tcontactform.push(innerVal);\n\t\t\t\t\t\tvar innerVal = [206,'number_too_small','Skai\u010dius yra ma\u017eesnis nei minimalus leid\u017eiamas.'];\n\t\t\t\t\t\tcontactform.push(innerVal);\n\t\t\t\t\t\tvar innerVal = [206,'number_too_large','Skai\u010dius yra didesnis u\u017e did\u017eiausi\u0105 leistin\u0105.'];\n\t\t\t\t\t\tcontactform.push(innerVal);\n\t\t\t\t\t\tvar innerVal = [206,'quiz_answer_not_correct','Klausimynas atsakymas yra neteisingas.'];\n\t\t\t\t\t\tcontactform.push(innerVal);\n\t\t\t\t\t\tvar innerVal = [206,'captcha_not_match','El c&oacute;digo introducido es incorrecto.'];\n\t\t\t\t\t\tcontactform.push(innerVal);\n\t\t\t\t\t\tvar innerVal = [206,'invalid_email','Pa&scaron;to adresas, kur\u012f \u012fved\u0117te, negalioja.'];\n\t\t\t\t\t\tcontactform.push(innerVal);\n\t\t\t\t\t\tvar innerVal = [206,'invalid_url','URL negalioja.'];\n\t\t\t\t\t\tcontactform.push(innerVal);\n\t\t\t\t\t\tvar innerVal = [206,'invalid_tel','Telefono numeris yra neteisingas.'];\n\t\t\t\t\t\tcontactform.push(innerVal);\n\t\t\t\t\t\tvar innerVal = [206,'gdpr',''];\n\t\t\t\t\t\tcontactform.push(innerVal);\n\t\t\t\t\t\t<\/script><div class=\"wpcf7-response-output wpcf7-display-none\"><\/div><\/form><\/div><\/div>\n<p><\/p>","protected":false},"excerpt":{"rendered":"<p>KONTAKTIN\u0116 FORMA<\/p>\n","protected":false},"author":1,"featured_media":0,"parent":0,"menu_order":0,"comment_status":"closed","ping_status":"closed","template":"","meta":[],"_links":{"self":[{"href":"https:\/\/www.euassistant.com\/lt\/wp-json\/wp\/v2\/pages\/68"}],"collection":[{"href":"https:\/\/www.euassistant.com\/lt\/wp-json\/wp\/v2\/pages"}],"about":[{"href":"https:\/\/www.euassistant.com\/lt\/wp-json\/wp\/v2\/types\/page"}],"author":[{"embeddable":true,"href":"https:\/\/www.euassistant.com\/lt\/wp-json\/wp\/v2\/users\/1"}],"replies":[{"embeddable":true,"href":"https:\/\/www.euassistant.com\/lt\/wp-json\/wp\/v2\/comments?post=68"}],"version-history":[{"count":19,"href":"https:\/\/www.euassistant.com\/lt\/wp-json\/wp\/v2\/pages\/68\/revisions"}],"predecessor-version":[{"id":209,"href":"https:\/\/www.euassistant.com\/lt\/wp-json\/wp\/v2\/pages\/68\/revisions\/209"}],"wp:attachment":[{"href":"https:\/\/www.euassistant.com\/lt\/wp-json\/wp\/v2\/media?parent=68"}],"curies":[{"name":"wp","href":"https:\/\/api.w.org\/{rel}","templated":true}]}}