                                                                                                                                                                                                                                                                                                                                                                                                                                                                                                                                                                                                                                                                                                                                                                                                                                                        {"id":98,"date":"2017-02-22T12:46:35","date_gmt":"2017-02-22T11:46:35","guid":{"rendered":"http:\/\/www.euassistant.com\/?page_id=98"},"modified":"2018-11-05T09:53:45","modified_gmt":"2018-11-05T08:53:45","slug":"inicio","status":"publish","type":"page","link":"https:\/\/www.euassistant.com\/lt\/","title":{"rendered":"Prad\u017eia"},"content":{"rendered":"<p><\/p>\n<div class=\"text-align-center\">\n<h1><strong>Sveiki atvyk\u0119 \u012f ERASMUS+ projekto \u201eEU-Assistant\u201c svetain\u0119<\/strong><\/h1>\n<h2 class=\"desc-eu-assistant\">ES-Asistentas: profesinio mokymo programos, skirtos asmeninio asistento profiliui, k\u016brimas, pasitelkiant bendr\u0105 europin\u0119 kvalifikacij\u0173 lygi\u0173 apra\u0161\u0173 sistem\u0105<\/h2>\n<p><a href=\"http:\/\/www.euassistant.com\/wp-content\/uploads\/EU%20Assistant3.mp4\" target=\"_blank\" class=\"ver-video\"><img src=\"\/wp-content\/themes\/dustland-express\/images\/img-video.png\" alt=\"Icono reproducci\u00f3n\" width=\"35\" \/>\u017di\u016br\u0117ti vaizdo \u012fra\u0161\u0105<\/a>\n<\/div>\n<p><\/p>","protected":false},"excerpt":{"rendered":"<p>Sveiki atvyk\u0119 \u012f ERASMUS+ projekto \u201eEU-Assistant\u201c svetain\u0119 ES-Asistentas: profesinio mokymo programos, skirtos asmeninio asistento profiliui, k\u016brimas, pasitelkiant bendr\u0105 europin\u0119 kvalifikacij\u0173 lygi\u0173 apra\u0161\u0173 sistem\u0105 \u017di\u016br\u0117ti vaizdo \u012fra\u0161\u0105<\/p>\n","protected":false},"author":1,"featured_media":0,"parent":0,"menu_order":0,"comment_status":"closed","ping_status":"closed","template":"","meta":[],"_links":{"self":[{"href":"https:\/\/www.euassistant.com\/lt\/wp-json\/wp\/v2\/pages\/98"}],"collection":[{"href":"https:\/\/www.euassistant.com\/lt\/wp-json\/wp\/v2\/pages"}],"about":[{"href":"https:\/\/www.euassistant.com\/lt\/wp-json\/wp\/v2\/types\/page"}],"author":[{"embeddable":true,"href":"https:\/\/www.euassistant.com\/lt\/wp-json\/wp\/v2\/users\/1"}],"replies":[{"embeddable":true,"href":"https:\/\/www.euassistant.com\/lt\/wp-json\/wp\/v2\/comments?post=98"}],"version-history":[{"count":39,"href":"https:\/\/www.euassistant.com\/lt\/wp-json\/wp\/v2\/pages\/98\/revisions"}],"predecessor-version":[{"id":287,"href":"https:\/\/www.euassistant.com\/lt\/wp-json\/wp\/v2\/pages\/98\/revisions\/287"}],"wp:attachment":[{"href":"https:\/\/www.euassistant.com\/lt\/wp-json\/wp\/v2\/media?parent=98"}],"curies":[{"name":"wp","href":"https:\/\/api.w.org\/{rel}","templated":true}]}}