                                                                                                                                                                                                                                                                                                                                                                                                                                                                                                                                                                                                                                                                                                                                                                                                                                                        {"id":234,"date":"2018-02-28T10:04:24","date_gmt":"2018-02-28T09:04:24","guid":{"rendered":"http:\/\/www.euassistant.com\/?page_id=234"},"modified":"2018-02-28T13:38:32","modified_gmt":"2018-02-28T12:38:32","slug":"espanol-politica-de-cookies","status":"publish","type":"page","link":"https:\/\/www.euassistant.com\/ro\/espanol-politica-de-cookies\/","title":{"rendered":"(Espa\u00f1ol) Pol\u00edtica de Cookies"},"content":{"rendered":"<p class=\"qtranxs-available-languages-message qtranxs-available-languages-message-ro\">Din p\u0103cate acest articol este disponibil doar \u00een <a href=\"https:\/\/www.euassistant.com\/es\/wp-json\/wp\/v2\/pages\/234\" class=\"qtranxs-available-language-link qtranxs-available-language-link-es\" title=\"Espa\u00f1ol\">Spaniol\u0103 European\u0103<\/a>.<\/p>","protected":false},"excerpt":{"rendered":"<p>Din p\u0103cate acest articol este disponibil doar \u00een Spaniol\u0103 European\u0103.<\/p>\n","protected":false},"author":1,"featured_media":0,"parent":0,"menu_order":0,"comment_status":"closed","ping_status":"closed","template":"","meta":[],"_links":{"self":[{"href":"https:\/\/www.euassistant.com\/ro\/wp-json\/wp\/v2\/pages\/234"}],"collection":[{"href":"https:\/\/www.euassistant.com\/ro\/wp-json\/wp\/v2\/pages"}],"about":[{"href":"https:\/\/www.euassistant.com\/ro\/wp-json\/wp\/v2\/types\/page"}],"author":[{"embeddable":true,"href":"https:\/\/www.euassistant.com\/ro\/wp-json\/wp\/v2\/users\/1"}],"replies":[{"embeddable":true,"href":"https:\/\/www.euassistant.com\/ro\/wp-json\/wp\/v2\/comments?post=234"}],"version-history":[{"count":3,"href":"https:\/\/www.euassistant.com\/ro\/wp-json\/wp\/v2\/pages\/234\/revisions"}],"predecessor-version":[{"id":237,"href":"https:\/\/www.euassistant.com\/ro\/wp-json\/wp\/v2\/pages\/234\/revisions\/237"}],"wp:attachment":[{"href":"https:\/\/www.euassistant.com\/ro\/wp-json\/wp\/v2\/media?parent=234"}],"curies":[{"name":"wp","href":"https:\/\/api.w.org\/{rel}","templated":true}]}}