                                                                                                                                                                                                                                                                                                                                                                                                                                                                                                                                                                                                                                                                                                                                                                                                                                                        {"id":61,"date":"2017-02-20T10:35:29","date_gmt":"2017-02-20T10:35:29","guid":{"rendered":"http:\/\/www.euassistant.com\/?page_id=61"},"modified":"2017-04-25T12:56:28","modified_gmt":"2017-04-25T10:56:28","slug":"proyecto","status":"publish","type":"page","link":"https:\/\/www.euassistant.com\/ro\/proyecto\/","title":{"rendered":"Proiect"},"content":{"rendered":"<p><\/p>\n<p>Unul din \u0219ase persoane din Uniunea European\u0103 (UE) are o dizabilitate care variaz\u0103 de la u\u0219oar\u0103 p\u00e2n\u0103 la sever\u0103, ceea ce face ca aproximativ 80 de milioane de persoane s\u0103 \u00ee\u0219i limiteze capacitatea lor de a participa deplin \u00een societate \u0219i economie, \u00een principal din cauza barierelor comportamentale \u0219i de mediu.<\/p>\n<p>Cu toate acestea, participarea economic\u0103 \u0219i social\u0103 a acestui colectiv este esen\u021bial\u0103 \u00een cazul \u00een care strategia Europa 2020 reu\u0219e\u0219te s\u0103 creeze o cre\u0219tere inteligent\u0103, durabil\u0103 \u0219i favorabil\u0103 incluziunii. Construirea unei societ\u0103\u021bi se bazeaz\u0103 pe includerea \u00eentregii popula\u021bii, \u0219i, totodat\u0103 aduce oportunit\u0103\u021bi de pia\u021b\u0103 \u0219i \u00eencurajeaz\u0103 inova\u021bia. Astfel, aceast\u0103 Strategie pune \u00een mi\u0219care un proces care vizez\u0103 responsabilizarea persoanelor cu dizabilit\u0103\u021bi, astfel \u00eenc\u00e2t acestea s\u0103 poat\u0103 participa pe deplin \u00een societate \u00een condi\u021bii de egalitate cu ceilal\u021bi.<\/p>\n<p>Aceast\u0103 Strategie european\u0103 se \u00eencadreaz\u0103 \u00een articolul 19 (Via\u021b\u0103 independent\u0103 \u0219i integrare \u00een comunitate) din Conven\u021bia Organiza\u021biei Na\u021biunilor Unite privind drepturile persoanelor cu dizabilit\u0103\u021bi. Pentru a implementa integral acest proces, unul din aspectele cheie este de a r\u0103spunde la <strong>dreptul pentru asisten\u021b\u0103 personal\u0103 prin recunoa\u0219terea rolului asistentului personal<\/strong> pentru persoanele dependente.<\/p>\n<p>At\u00e2t dezvoltarea c\u00e2t \u0219i recunoa\u0219terea acestui profil personal este foarte diferit \u00een r\u00e2ndul \u021b\u0103rilor europene. \u00cencep\u00e2nd cu anii 1980 \u0219i 1990, serviciile de asisten\u021b\u0103 personal\u0103 au fost puse \u00een aplicare \u00een \u021b\u0103rile din nordul Europei.  \u00cen \u021b\u0103ri precum Irlanda, Marea Britanie, Suedia, Norvegia, Danemarca \u0219i Olanda, Austria \u0219i Germania, rolul asistentului personal exist\u0103 de ani de zile. Acest rol a fost promovat \u00een anii 1970 de Mi\u0219carea Via\u021b\u0103 Independent\u0103 (Independent Living) din Statele Unite.<\/p>\n<p>\u00cen acest context, proiectul Asistentul UE are urm\u0103toarele obiective principale:<\/p>\n<ul>\n<li>S\u0103 contribuie la dezvoltarea unui itinerar de formare pentru asisten\u021bii personali.<\/li>\n<li>S\u0103 ofere un curriculum \u0219i materiale de instruire \u00een concordan\u021b\u0103 cu cadrul european al calific\u0103rilor.<\/li>\n<li>S\u0103 creasc\u0103 gradul de con\u0219tientizare \u00een ceea ce prive\u0219te acest profil profesional \u0219i importan\u021ba sa.<\/li>\n<\/ul>\n<p>Pentru atingerea acestor obiective, ne vom baza pe dezvoltarea mai multor rezultate. Printre acestea subliniem definirea competen\u021belor profesionale \u0219i a unui traseu de formare, iar un curs de baz\u0103 va fi realizat pentru instruirea asisten\u021bilor personali \u00eentr-un mediu colaborativ de \u00eenv\u0103\u021bare. <\/p>\n<p>Proiectul Asistentul &#8211; EU este un parteneriat strategic, finan\u021bat de Comisia European\u0103 \u00een cadrul programului ERASMUS+.<\/p>\n<p><\/p>","protected":false},"excerpt":{"rendered":"<p>Unul din \u0219ase persoane din Uniunea European\u0103 (UE) are o dizabilitate care variaz\u0103 de la u\u0219oar\u0103 p\u00e2n\u0103 la sever\u0103, ceea ce face ca aproximativ 80 de milioane de persoane s\u0103 \u00ee\u0219i limiteze capacitatea lor de a participa deplin \u00een societate \u0219i economie, \u00een principal din cauza barierelor comportamentale \u0219i de mediu. Cu toate acestea, participarea [&hellip;]<\/p>\n","protected":false},"author":1,"featured_media":0,"parent":0,"menu_order":0,"comment_status":"closed","ping_status":"open","template":"","meta":[],"_links":{"self":[{"href":"https:\/\/www.euassistant.com\/ro\/wp-json\/wp\/v2\/pages\/61"}],"collection":[{"href":"https:\/\/www.euassistant.com\/ro\/wp-json\/wp\/v2\/pages"}],"about":[{"href":"https:\/\/www.euassistant.com\/ro\/wp-json\/wp\/v2\/types\/page"}],"author":[{"embeddable":true,"href":"https:\/\/www.euassistant.com\/ro\/wp-json\/wp\/v2\/users\/1"}],"replies":[{"embeddable":true,"href":"https:\/\/www.euassistant.com\/ro\/wp-json\/wp\/v2\/comments?post=61"}],"version-history":[{"count":15,"href":"https:\/\/www.euassistant.com\/ro\/wp-json\/wp\/v2\/pages\/61\/revisions"}],"predecessor-version":[{"id":162,"href":"https:\/\/www.euassistant.com\/ro\/wp-json\/wp\/v2\/pages\/61\/revisions\/162"}],"wp:attachment":[{"href":"https:\/\/www.euassistant.com\/ro\/wp-json\/wp\/v2\/media?parent=61"}],"curies":[{"name":"wp","href":"https:\/\/api.w.org\/{rel}","templated":true}]}}