                                                                                                                                                                                                                                                                                                                                                                                                                                                                                                                                                                                                                                                                                                                                                                                                                                                        {"id":63,"date":"2017-02-20T10:35:42","date_gmt":"2017-02-20T10:35:42","guid":{"rendered":"http:\/\/www.euassistant.com\/?page_id=63"},"modified":"2017-04-26T10:46:00","modified_gmt":"2017-04-26T08:46:00","slug":"socios","status":"publish","type":"page","link":"https:\/\/www.euassistant.com\/ro\/socios\/","title":{"rendered":"Parteneri"},"content":{"rendered":"<p><\/p>\n<div id=\"socios\">\n<h2>PREDIF-IB<\/h2>\n<p>Federa\u021bia Predif Insulele Baleare (Predif-IB) este o organiza\u021bie non-profit dedicat\u0103 \u00eembun\u0103t\u0103\u021birii vie\u021bii persoanelor cu dizabilit\u0103\u021bi \u0219i a familiilor acestora. Este membr\u0103 a Confedera\u021biei PREDIF, care reprezint\u0103 \u0219i desf\u0103\u0219oar\u0103 programe \u00een favoarea a aproximativ 100000 de persoane cu dizabilit\u0103\u021bi, \u00een mod direct sau inidirect, promov\u00e2nd ac\u021biuni \u00een beneficiul tuturor persoanelor cu dizabilit\u0103\u021bi fizice \u00een Spania. Ea se bazeaz\u0103, prin federa\u021biile sale membre, pe o experien\u021b\u0103 de peste 30 de ani. Predif-IB ofer\u0103 consiliere cu privire la accesibilitatea \u0219i proiectarea universal\u0103; sprijin\u0103 persoanele cu dizabilit\u0103\u021bi fizice f\u0103r\u0103 loc de munc\u0103, pentru a \u00ee\u0219i \u00eembun\u0103t\u0103\u021bi abilit\u0103\u021bile \u0219i cuno\u0219tin\u021bele \u00een procesul de c\u0103utare a unui loc de munc\u0103, \u0219i, \u00een cele din urm\u0103, ofer\u0103 itinerarii personalizate, oferind valoare \u00een interven\u021bia de grup ca o metod\u0103 de realizare personal\u0103.<\/p>\n<h2>FUNDA\u021aIA H<\/h2>\n<p>Asocia\u021bia &#8222;Funda\u021bia H&#8221; este o organiza\u021bie non-guvernamental\u0103, non-profit creat\u0103 \u00een 1991. Misiunea asocia\u021biei este de a asigura \u0219anse egale la educa\u021bie \u0219i formare profesional\u0103 pentru persoanele cu dizabilit\u0103\u021bi \u0219i pentru cele dezavantajate. Totodat\u0103, asocia\u021bia ofer\u0103 cursuri pentru speciali\u0219tii care lucreaz\u0103 cu persoanele cu dizabilit\u0103\u021bi, pentru func\u021bionarii care vin \u00een contact cu persoanele cu dizabilit\u0103\u021bi \u0219i cu p\u0103rin\u021bii acestora, dar \u0219i cursuri pentru p\u0103rin\u021bii ce au copii cu dizabilit\u0103\u021bi. \u00cen decursul timpului, asocia\u021bia a militat \u0219i a realizat campanii pentru integrarea \u00een \u0219coala de mas\u0103 a copiilor \u0219i tinerilor cu dizabilit\u0103\u021bi fizice dar \u0219icampanii  pentru \u00eembun\u0103t\u0103\u021birea accesibilit\u0103\u021bii persoanelor cu dizabilit\u0103\u021bi fizice. Asocia\u021bia folose\u0219te cele mai noi metode \u0219i tehnici de predare \/ \u00eenv\u0103\u021bare, pun\u00e2nd la dispozi\u021bia beneficiarilor s\u0103i platforme de e-learning \u0219i cursuri de blending learning. <\/p>\n<h2>PRAGMA<\/h2>\n<p>Pragma este un IMM care lucreaz\u0103 \u00een cadrul aplica\u021biilor de inginerie electronice (hardware + software): principalele domenii sunt \u00een sectorul industrial (ATE) \u0219i tehnologii de asistare. \u00cen acest din urm\u0103 domeniu este \u00een curs de dezvoltare o colaborare de 10 de ani, cu institu\u021biile de s\u0103n\u0103tate public\u0103 ca suport tehnologic \u0219i solu\u021bii de asisten\u021b\u0103.<\/p>\n<ul>\n<li>Furnizor de educa\u021bie pe platforma LCMS: \u00een acest domeniu, Pragma este responsabil de dezvoltarea platformei e-learning \u00eentr-un proiect POSDRU, platform\u0103 care este o leg\u0103tura \u00eentre 5 universit\u0103\u021bi importante din Rom\u00e2nia (Bucure\u0219ti, Ia\u0219i, Bra\u0219ov, Cluj, Timi\u0219oara).<\/li>\n<li>Sisteme de Telereabilitare (Sub marca comercial\u0103 Eu NU!Reha) aplicate pacien\u021bilor cu afec\u021biuni neurologice (terapie ocupa\u021bional\u0103 \u0219i reabilitare cognitiv\u0103).<\/li>\n<li>Ajutoare tehnologice &#8211; partener de consiliere pentru Centrul Regional \u00een Umbria, \u00eempreun\u0103 cu institu\u021biile de s\u0103n\u0103tate public\u0103.<\/li>\n<li>Ajutoare tehnologice &#8211; produc\u021bie \u0219i personalizare hardware + software sub platforme Windows \u0219i Android.<\/li>\n<li>Consultant de inginerie pentru Cluster de Inovare Regional din Umbria \u00een cadrul solu\u021biilor &#8222;tehnologie social\u0103&#8221; (fotolii rulante, sisteme de con\u0219tientizare a contextului, sistem de control al caselor inteligente).<\/li>\n<\/ul>\n<h2>ITINKLAS<\/h2>\n<p>Iniciatyvu Tinklas reune\u0219te organiza\u021bii \u0219i oameni, iar cei mai mul\u021bi dintre oameni practic\u0103 dreptul, psihologia, asisten\u021ba social\u0103, pedagogia \u0219i voluntariatul \u0219i sunt uni\u021bi de obiective comune pentru a ajuta persoanele s\u0103 urmeze un dialog \u00eentre genera\u021bii, s\u0103 promoveze ini\u021biativele lor, s\u0103 descopere voluntariatul, s\u0103-\u0219i \u00eembun\u0103t\u0103\u021beasc\u0103 aptitudinile \u0219i abilit\u0103\u021bile lor, \u0219i s\u0103 g\u0103seasc\u0103 solu\u021bii la probleme. Iniciatyvu Tinklas promoveaz\u0103, de asemenea, activismul, spiritul antreprenorial \u0219i de conducere \u0219i recunoa\u0219te rolul lor ca agen\u021bi ai schimb\u0103rii \u00een dezvoltarea societ\u0103\u021bii civile.<\/p>\n<h2>MEDIA CREATIVA<\/h2>\n<p>Media Creativa &#8211; MC2020 este rezultatul a peste 20 de ani de experien\u021b\u0103, de provoc\u0103ri \u0219i lec\u021bii \u00eenv\u0103\u021bate de c\u0103tre un grup interdisciplinar de profesioni\u0219ti care au o pasiune comun\u0103: inova\u021bia educa\u021bional\u0103.<\/p>\n<p>MC2020 lucreaz\u0103 pentru a aduce valoare spa\u021biilor de \u00eenv\u0103\u021bare, cercet\u0103rii, proiect\u0103rii \u0219i dezvolt\u0103rii diferitelor oferte de formare, inspirate de metodologii inovatoare \u0219i abord\u0103ri pedagogice cum ar fi povestirea (inclusiv povestirea digital\u0103), \u00eenv\u0103\u021barea bazat\u0103 pe problem\u0103, jocul electronic, \u00eenv\u0103\u021barea bazat\u0103 pe joc, etc. Pun\u00e2nd accentul pe poten\u021bialul oferit de noile tehnologii, folosim aplica\u021biile, jocurile, webseriile, webminariile, \u00eenv\u0103\u021barea pe mobil&#8230;<\/p>\n<p>Calitatea muncii noastre se bazeaz\u0103 pe o ad\u00e2nc\u0103 cunoa\u0219tere a realit\u0103\u021bii \u0219i pe ascultarea nevoilor utilizatorilor no\u0219trii finali. Realiz\u0103m studii, analiza nevoilor de formare, realiz\u0103m \u0219i oferim cursuri prin campusul nostru (media-creativa.com), dar organiz\u0103m \u0219i seminarii \u0219i conferin\u021be, av\u00e2nd o ofert\u0103 general\u0103 dar care este personalizat\u0103.<\/p>\n<h2>ISEM<\/h2>\n<p>Direc\u021bia de Studii Sociale \u0219i Proiecte a Provinciei Istanbul (ISEM), a fost realizat\u0103 pentru a accelera dezvoltarea regional\u0103 \u0219i pentru a asigura durabilitatea acestuia prin dezvoltarea cooper\u0103rii dintre sectorul public-privat \u0219i organiza\u021biile non-guvernamentale, care s\u0103 asigure utilizarea adecvat\u0103 \u0219i eficient\u0103 a resurselor \u0219i mobilizarea poten\u021bialului local, pentru punerea \u00een aplicare a ideii unei uniuni cu o structur\u0103 mai dinamic\u0103 \u0219i mai inovatoare \u00een procesele de extindere, prin care merge Uniunea European\u0103, dar \u0219i \u00een ceea ce prive\u0219te procesul de democratizare \u00een concordan\u021b\u0103 cu politicile UE.<\/p>\n<p>Av\u00e2nd mai multe responsabilit\u0103\u021bi date de c\u0103tre Ministerul de Inrne \u0219i de Guvernatorul Istanbulului, ISEM are un domeniu de aplicare a muncii \u0219i caut\u0103 s\u0103 g\u0103sesc\u0103 solu\u021bii la nevoile Istanbulului, unul din cele mai cosmopolitane ora\u0219e din lume. A luat parte la diverse programe UE (Leonardo, Socrates\/Grundtvig, EQUAL, LLP, ESF, eTEN, FP, Erasmus+, H2020, IEE \u0219i altele) \u0219i multe alte activit\u0103\u021bi de proiect UE, at\u00e2t ca coordonator c\u00e2t \u0219i ca partener.<\/p>\n<\/div>\n<p><\/p>","protected":false},"excerpt":{"rendered":"<p>PREDIF-IB Federa\u021bia Predif Insulele Baleare (Predif-IB) este o organiza\u021bie non-profit dedicat\u0103 \u00eembun\u0103t\u0103\u021birii vie\u021bii persoanelor cu dizabilit\u0103\u021bi \u0219i a familiilor acestora. Este membr\u0103 a Confedera\u021biei PREDIF, care reprezint\u0103 \u0219i desf\u0103\u0219oar\u0103 programe \u00een favoarea a aproximativ 100000 de persoane cu dizabilit\u0103\u021bi, \u00een mod direct sau inidirect, promov\u00e2nd ac\u021biuni \u00een beneficiul tuturor persoanelor cu dizabilit\u0103\u021bi fizice \u00een Spania. [&hellip;]<\/p>\n","protected":false},"author":1,"featured_media":0,"parent":0,"menu_order":0,"comment_status":"closed","ping_status":"open","template":"","meta":[],"_links":{"self":[{"href":"https:\/\/www.euassistant.com\/ro\/wp-json\/wp\/v2\/pages\/63"}],"collection":[{"href":"https:\/\/www.euassistant.com\/ro\/wp-json\/wp\/v2\/pages"}],"about":[{"href":"https:\/\/www.euassistant.com\/ro\/wp-json\/wp\/v2\/types\/page"}],"author":[{"embeddable":true,"href":"https:\/\/www.euassistant.com\/ro\/wp-json\/wp\/v2\/users\/1"}],"replies":[{"embeddable":true,"href":"https:\/\/www.euassistant.com\/ro\/wp-json\/wp\/v2\/comments?post=63"}],"version-history":[{"count":31,"href":"https:\/\/www.euassistant.com\/ro\/wp-json\/wp\/v2\/pages\/63\/revisions"}],"predecessor-version":[{"id":232,"href":"https:\/\/www.euassistant.com\/ro\/wp-json\/wp\/v2\/pages\/63\/revisions\/232"}],"wp:attachment":[{"href":"https:\/\/www.euassistant.com\/ro\/wp-json\/wp\/v2\/media?parent=63"}],"curies":[{"name":"wp","href":"https:\/\/api.w.org\/{rel}","templated":true}]}}