                                                                                                                                                                                                                                                                                                                                                                                                                                                                                                                                                                                                                                                                                                                                                                                                                                                        {"id":68,"date":"2017-02-20T10:37:10","date_gmt":"2017-02-20T10:37:10","guid":{"rendered":"http:\/\/www.euassistant.com\/?page_id=68"},"modified":"2017-04-25T13:58:00","modified_gmt":"2017-04-25T11:58:00","slug":"contacto","status":"publish","type":"page","link":"https:\/\/www.euassistant.com\/ro\/contacto\/","title":{"rendered":"Contact"},"content":{"rendered":"<p><\/p>\n<div class=\"form-contacto\">\n<p class=\"form-contacto-titulo\">FORMULAR DE CONTACT<\/p>\n<div role=\"form\" class=\"wpcf7\" id=\"wpcf7-f202-o3\" lang=\"es-ES\" dir=\"ltr\">\n<div class=\"screen-reader-response\"><\/div>\n<form action=\"\/ro\/wp-json\/wp\/v2\/pages\/68#wpcf7-f202-o3\" method=\"post\" class=\"wpcf7-form\" novalidate=\"novalidate\">\n<div style=\"display: none;\">\n<input type=\"hidden\" name=\"_wpcf7\" value=\"202\" \/>\n<input type=\"hidden\" name=\"_wpcf7_version\" value=\"4.7\" \/>\n<input type=\"hidden\" name=\"_wpcf7_locale\" value=\"es_ES\" \/>\n<input type=\"hidden\" name=\"_wpcf7_unit_tag\" value=\"wpcf7-f202-o3\" \/>\n<input type=\"hidden\" name=\"_wpnonce\" value=\"c805ced5e7\" \/>\n<\/div>\n<p><label for=\"your-name\"> Nume (solicitat)<br \/>\n    <span class=\"wpcf7-form-control-wrap your-name\"><input type=\"text\" name=\"your-name\" value=\"\" size=\"40\" class=\"wpcf7-form-control wpcf7-text wpcf7-validates-as-required\" id=\"your-name\" aria-required=\"true\" aria-invalid=\"false\" \/><\/span> <\/label><\/p>\n<p><label for=\"your-email\"> E-mail (solicitat)<br \/>\n    <span class=\"wpcf7-form-control-wrap your-email\"><input type=\"email\" name=\"your-email\" value=\"\" size=\"40\" class=\"wpcf7-form-control wpcf7-text wpcf7-email wpcf7-validates-as-required wpcf7-validates-as-email\" id=\"your-email\" aria-required=\"true\" aria-invalid=\"false\" \/><\/span> <\/label><\/p>\n<p><label for=\"your-subject\"> Subiect<br \/>\n    <span class=\"wpcf7-form-control-wrap your-subject\"><input type=\"text\" name=\"your-subject\" value=\"\" size=\"40\" class=\"wpcf7-form-control wpcf7-text\" id=\"your-subject\" aria-invalid=\"false\" \/><\/span> <\/label><\/p>\n<p><label for=\"your-message\"> Mesaj<br \/>\n    <span class=\"wpcf7-form-control-wrap your-message\"><textarea name=\"your-message\" cols=\"40\" rows=\"10\" class=\"wpcf7-form-control wpcf7-textarea\" id=\"your-message\" aria-invalid=\"false\"><\/textarea><\/span> <\/label><\/p>\n<p><input type=\"submit\" value=\"Trimite\" class=\"wpcf7-form-control wpcf7-submit\" \/><\/p>\n<noscript>\n\t\t\t<div class=\"wpcf7-response-output wpcf7-spam-blocked\">Your browser does not support JavaScript!. Please enable javascript in your browser in order to get form work properly.<\/div>\n\t<\/noscript><script type='text\/javascript'>\n\n\t\t\t\t\t\tif(contactform === undefined){\n\t\t\t\t\t\t\tvar contactform = [];\n\t\t\t\t\t\t}\n\t\t\t\t\t\tvar innerVal = [202,'mail_sent_ok','V\u0103 mul\u021bumim pentru mesaj. Acesta a fost trimis.'];\n\t\t\t\t\t\tcontactform.push(innerVal);\n\t\t\t\t\t\tvar innerVal = [202,'mail_sent_ng','A ap\u0103rut o eroare la &icirc;ncercarea de a trimite mesajul. V\u0103 rug\u0103m s\u0103 &icirc;ncerca\u021bi din nou mai t&acirc;rziu.'];\n\t\t\t\t\t\tcontactform.push(innerVal);\n\t\t\t\t\t\tvar innerVal = [202,'validation_error','Unul sau mai multe c&acirc;mpuri au o eroare. V\u0103 rug\u0103m s\u0103 examina\u021bi \u0219i s\u0103 &icirc;ncerca\u021bi din nou.'];\n\t\t\t\t\t\tcontactform.push(innerVal);\n\t\t\t\t\t\tvar innerVal = [202,'spam','A ap\u0103rut o eroare la &icirc;ncercarea de a trimite mesajul. V\u0103 rug\u0103m s\u0103 &icirc;ncerca\u021bi din nou mai t&acirc;rziu.'];\n\t\t\t\t\t\tcontactform.push(innerVal);\n\t\t\t\t\t\tvar innerVal = [202,'accept_terms','Trebuie s\u0103 accepta\u021bi termenii \u0219i condi\u021biile &icirc;nainte de a trimite mesajul.'];\n\t\t\t\t\t\tcontactform.push(innerVal);\n\t\t\t\t\t\tvar innerVal = [202,'invalid_required','Este nevoie de c&acirc;mp.'];\n\t\t\t\t\t\tcontactform.push(innerVal);\n\t\t\t\t\t\tvar innerVal = [202,'invalid_too_long','C&acirc;mpul este prea lung.'];\n\t\t\t\t\t\tcontactform.push(innerVal);\n\t\t\t\t\t\tvar innerVal = [202,'invalid_too_short','C&acirc;mpul este prea scurt.'];\n\t\t\t\t\t\tcontactform.push(innerVal);\n\t\t\t\t\t\tvar innerVal = [202,'invalid_date','Formatul de dat\u0103 este incorect\u0103.'];\n\t\t\t\t\t\tcontactform.push(innerVal);\n\t\t\t\t\t\tvar innerVal = [202,'date_too_early','Data este &icirc;nainte de a mai devreme permise.'];\n\t\t\t\t\t\tcontactform.push(innerVal);\n\t\t\t\t\t\tvar innerVal = [202,'date_too_late','Data este mai t&acirc;rziu dec&acirc;t mai t&acirc;rziu permis\u0103.'];\n\t\t\t\t\t\tcontactform.push(innerVal);\n\t\t\t\t\t\tvar innerVal = [202,'upload_failed','A ap\u0103rut o eroare necunoscut\u0103 la &icirc;nc\u0103rcarea fi\u0219ierului.'];\n\t\t\t\t\t\tcontactform.push(innerVal);\n\t\t\t\t\t\tvar innerVal = [202,'upload_file_type_invalid','Nu ave\u021bi permisiunea de a &icirc;nc\u0103rca fi\u0219iere de acest tip.'];\n\t\t\t\t\t\tcontactform.push(innerVal);\n\t\t\t\t\t\tvar innerVal = [202,'upload_file_too_large','Fi\u0219ierul este prea mare.'];\n\t\t\t\t\t\tcontactform.push(innerVal);\n\t\t\t\t\t\tvar innerVal = [202,'upload_failed_php_error','A ap\u0103rut o eroare la &icirc;nc\u0103rcarea imaginii.'];\n\t\t\t\t\t\tcontactform.push(innerVal);\n\t\t\t\t\t\tvar innerVal = [202,'invalid_number','Formatul num\u0103r este nevalid.'];\n\t\t\t\t\t\tcontactform.push(innerVal);\n\t\t\t\t\t\tvar innerVal = [202,'number_too_small','Num\u0103rul este mai mic dec&acirc;t nivelul minim admis.'];\n\t\t\t\t\t\tcontactform.push(innerVal);\n\t\t\t\t\t\tvar innerVal = [202,'number_too_large','Num\u0103rul este mai mare dec&acirc;t limita maxim\u0103 permis\u0103.'];\n\t\t\t\t\t\tcontactform.push(innerVal);\n\t\t\t\t\t\tvar innerVal = [202,'quiz_answer_not_correct','R\u0103spunsul la chestionar este incorect\u0103.'];\n\t\t\t\t\t\tcontactform.push(innerVal);\n\t\t\t\t\t\tvar innerVal = [202,'captcha_not_match','El c&oacute;digo introducido es incorrecto.'];\n\t\t\t\t\t\tcontactform.push(innerVal);\n\t\t\t\t\t\tvar innerVal = [202,'invalid_email','Adresa de e-mail introdus\u0103 nu este valid\u0103.'];\n\t\t\t\t\t\tcontactform.push(innerVal);\n\t\t\t\t\t\tvar innerVal = [202,'invalid_url','Adresa URL nu este valid\u0103.'];\n\t\t\t\t\t\tcontactform.push(innerVal);\n\t\t\t\t\t\tvar innerVal = [202,'invalid_tel','Num\u0103rul de telefon este nevalid.'];\n\t\t\t\t\t\tcontactform.push(innerVal);\n\t\t\t\t\t\tvar innerVal = [202,'gdpr',''];\n\t\t\t\t\t\tcontactform.push(innerVal);\n\t\t\t\t\t\t<\/script><div class=\"wpcf7-response-output wpcf7-display-none\"><\/div><\/form><\/div><\/div>\n<p><\/p>","protected":false},"excerpt":{"rendered":"<p>FORMULAR DE CONTACT<\/p>\n","protected":false},"author":1,"featured_media":0,"parent":0,"menu_order":0,"comment_status":"closed","ping_status":"closed","template":"","meta":[],"_links":{"self":[{"href":"https:\/\/www.euassistant.com\/ro\/wp-json\/wp\/v2\/pages\/68"}],"collection":[{"href":"https:\/\/www.euassistant.com\/ro\/wp-json\/wp\/v2\/pages"}],"about":[{"href":"https:\/\/www.euassistant.com\/ro\/wp-json\/wp\/v2\/types\/page"}],"author":[{"embeddable":true,"href":"https:\/\/www.euassistant.com\/ro\/wp-json\/wp\/v2\/users\/1"}],"replies":[{"embeddable":true,"href":"https:\/\/www.euassistant.com\/ro\/wp-json\/wp\/v2\/comments?post=68"}],"version-history":[{"count":19,"href":"https:\/\/www.euassistant.com\/ro\/wp-json\/wp\/v2\/pages\/68\/revisions"}],"predecessor-version":[{"id":209,"href":"https:\/\/www.euassistant.com\/ro\/wp-json\/wp\/v2\/pages\/68\/revisions\/209"}],"wp:attachment":[{"href":"https:\/\/www.euassistant.com\/ro\/wp-json\/wp\/v2\/media?parent=68"}],"curies":[{"name":"wp","href":"https:\/\/api.w.org\/{rel}","templated":true}]}}