                                                                                                                                                                                                                                                                                                                                                                                                                                                                                                                                                                                                                                                                                                                                                                                                                                                        {"id":61,"date":"2017-02-20T10:35:29","date_gmt":"2017-02-20T10:35:29","guid":{"rendered":"http:\/\/www.euassistant.com\/?page_id=61"},"modified":"2017-04-25T12:56:28","modified_gmt":"2017-04-25T10:56:28","slug":"proyecto","status":"publish","type":"page","link":"https:\/\/www.euassistant.com\/tr\/proyecto\/","title":{"rendered":"Proje"},"content":{"rendered":"<p><\/p>\n<p>Avrupa Birli\u011fi&#8217;nde (AB) her alt\u0131 ki\u015fiden biri  hafiften \u015fiddetliye kadar de\u011fi\u015fen bir sakatl\u0131\u011fa sahiptir ve bu a\u011f\u0131rl\u0131kl\u0131 olarak tutum ve \u00e7evre bariyerlerinden \u00f6t\u00fcr\u00fc topluma ve ekonomiye tam olarak kat\u0131lma kapasiteleri s\u0131n\u0131rl\u0131 yakla\u015f\u0131k 80 milyon insan demektir.<\/p>\n<p>Ancak Avrupa 2010 stratejisinde ak\u0131ll\u0131, s\u00fcrd\u00fcr\u00fclebilir ve kapsay\u0131c\u0131 bir b\u00fcy\u00fcmeyi ba\u015farmak i\u00e7in bu grubun ekonomik ve sosyal kat\u0131l\u0131m\u0131 gereklidir. Herkesi kapsayan bir toplum olu\u015fturmak, pazar f\u0131rsatlar\u0131 getirmekte ve yenili\u011fi te\u015fvik etmektedir. Bu nedenle, bu Strateji, \u00f6z\u00fcrl\u00fc insanlara di\u011ferleriyle e\u015fit g\u00fc\u00e7te olmak ve  e\u015fit \u015fartlarda topluma kat\u0131labilme s\u00fcrecini harekete ge\u00e7irir.<\/p>\n<p>Bu Avrupa Stratejisi, Birle\u015fmi\u015f Milletler Engelli Haklar\u0131 S\u00f6zle\u015fmesinin 19. Maddesi&#8217;nde (ba\u011f\u0131ms\u0131z olarak ya\u015famak ve toplulu\u011fa dahil olmak) belirtilmi\u015ftir. Bu s\u00fcrecin tam olarak uygulanmas\u0131 i\u00e7in kilit y\u00f6nlerden biri, bak\u0131ma ihtiya\u00e7 duyan bireyler i\u00e7in <strong>ki\u015fisel asistan\u0131n rol\u00fcn\u00fc tan\u0131mak suretiyle ki\u015fisel yard\u0131m hakk\u0131na<\/strong> ses vermektir.<\/p>\n<p>Bu profesyonel profilin geli\u015ftirilmesi ve tan\u0131nmas\u0131 Avrupa \u00fclkeleri aras\u0131nda \u00e7ok farkl\u0131d\u0131r. 1980&#8217;li ve 1990&#8217;l\u0131 y\u0131llardan beri, ki\u015fisel yard\u0131m hizmetleri Kuzey Avrupa \u00fclkelerinde uygulanmaktad\u0131r. \u0130rlanda, \u0130ngiltere, \u0130sve\u00e7, Norve\u00e7, Danimarka, Hollanda, Avusturya ve Almanya gibi \u00fclkelerde ki\u015fisel asistan rol\u00fc uzun y\u0131llard\u0131r vard\u0131r. Bu rol, 1970&#8217;lerde Amerika Birle\u015fik Devletleri&#8217;nde ortaya \u00e7\u0131kan Ba\u011f\u0131ms\u0131z Ya\u015fam Hareketi taraf\u0131ndan desteklenmi\u015ftir.<\/p>\n<p>Bu ba\u011flamda, AB Asistan\u0131n\u0131n as\u0131l hedefleri:<\/p>\n<ul>\n<li>Ki\u015fisel asistanlar i\u00e7in bir e\u011fitim program\u0131n\u0131n geli\u015ftirilmesine katk\u0131da bulunmak.<\/li>\n<li>Avrupa Yeterlilikleri \u00c7er\u00e7evesine uygun bir m\u00fcfredat ve e\u011fitim materyali sunmak.<\/li>\n<li>Bu profesyonel profilin ne oldu\u011fu ve \u00f6nemi hakk\u0131nda fark\u0131ndal\u0131k yaratmakt\u0131r.<\/li>\n<\/ul>\n<p>Bu hedeflerin ger\u00e7ekle\u015ftirilmesi, \u00e7e\u015fitli sonu\u00e7lar\u0131n geli\u015ftirilmesine dayanacakt\u0131r. Bunlar\u0131n aras\u0131nda mesleki yetkinliklerin tan\u0131m\u0131n\u0131 ve e\u011fitim y\u00f6nteminin ana hatlar\u0131n\u0131 \u00e7izece\u011fiz  ve Ki\u015fisel Asistanlar\u0131 i\u015fbirlik\u00e7i bir \u00f6\u011frenme ortam\u0131nda e\u011fitmek i\u00e7in temel bir ders geli\u015ftirilecek.<\/p>\n<p>AB-AS\u0130STAN, ERASMUS + Program\u0131 \u00e7er\u00e7evesinde Avrupa Komisyonu taraf\u0131ndan finanse edilen bir Stratejik Ortakl\u0131k Projesidir.<\/p>\n<p><\/p>","protected":false},"excerpt":{"rendered":"<p>Avrupa Birli\u011fi&#8217;nde (AB) her alt\u0131 ki\u015fiden biri hafiften \u015fiddetliye kadar de\u011fi\u015fen bir sakatl\u0131\u011fa sahiptir ve bu a\u011f\u0131rl\u0131kl\u0131 olarak tutum ve \u00e7evre bariyerlerinden \u00f6t\u00fcr\u00fc topluma ve ekonomiye tam olarak kat\u0131lma kapasiteleri s\u0131n\u0131rl\u0131 yakla\u015f\u0131k 80 milyon insan demektir. Ancak Avrupa 2010 stratejisinde ak\u0131ll\u0131, s\u00fcrd\u00fcr\u00fclebilir ve kapsay\u0131c\u0131 bir b\u00fcy\u00fcmeyi ba\u015farmak i\u00e7in bu grubun ekonomik ve sosyal kat\u0131l\u0131m\u0131 gereklidir. [&hellip;]<\/p>\n","protected":false},"author":1,"featured_media":0,"parent":0,"menu_order":0,"comment_status":"closed","ping_status":"open","template":"","meta":[],"_links":{"self":[{"href":"https:\/\/www.euassistant.com\/tr\/wp-json\/wp\/v2\/pages\/61"}],"collection":[{"href":"https:\/\/www.euassistant.com\/tr\/wp-json\/wp\/v2\/pages"}],"about":[{"href":"https:\/\/www.euassistant.com\/tr\/wp-json\/wp\/v2\/types\/page"}],"author":[{"embeddable":true,"href":"https:\/\/www.euassistant.com\/tr\/wp-json\/wp\/v2\/users\/1"}],"replies":[{"embeddable":true,"href":"https:\/\/www.euassistant.com\/tr\/wp-json\/wp\/v2\/comments?post=61"}],"version-history":[{"count":15,"href":"https:\/\/www.euassistant.com\/tr\/wp-json\/wp\/v2\/pages\/61\/revisions"}],"predecessor-version":[{"id":162,"href":"https:\/\/www.euassistant.com\/tr\/wp-json\/wp\/v2\/pages\/61\/revisions\/162"}],"wp:attachment":[{"href":"https:\/\/www.euassistant.com\/tr\/wp-json\/wp\/v2\/media?parent=61"}],"curies":[{"name":"wp","href":"https:\/\/api.w.org\/{rel}","templated":true}]}}