                                                                                                                                                                                                                                                                                                                                                                                                                                                                                                                                                                                                                                                                                                                                                                                                                                                        {"id":63,"date":"2017-02-20T10:35:42","date_gmt":"2017-02-20T10:35:42","guid":{"rendered":"http:\/\/www.euassistant.com\/?page_id=63"},"modified":"2017-04-26T10:46:00","modified_gmt":"2017-04-26T08:46:00","slug":"socios","status":"publish","type":"page","link":"https:\/\/www.euassistant.com\/tr\/socios\/","title":{"rendered":"Ortaklar"},"content":{"rendered":"<p><\/p>\n<div id=\"socios\">\n<h2>PREDIF-IB<\/h2>\n<p>Federasyon Predif Illes Balears (Predif-IB) kar amac\u0131 g\u00fctmeyen ve fiziksel engellilerin ve ailelerinin hayatlar\u0131n\u0131 iyile\u015ftirmeye adanm\u0131\u015f bir organizasyondur. Fiziksel \u00f6z\u00fcrl\u00fc bireylerin do\u011frudan ve dolayl\u0131 olarak \u0130spanya&#8217;da fiziksel engelli t\u00fcm insanlar\u0131n menfaatine y\u00f6nelik faaliyetleri ger\u00e7ekle\u015ftiren ve yakla\u015f\u0131k 100.000 ki\u015fiyi temsil eden PREDIF Konfederasyonu&#8217;nun bir \u00fcyesidir. \u00dcye federasyonlar\u0131 vas\u0131tas\u0131yla 30 y\u0131l\u0131 a\u015fk\u0131n tecr\u00fcbeye sahiptir. Predif-IB eri\u015filebilirlik ve evrensel tasar\u0131m konusunda tavsiyelerde bulunur, fiziksel olarak engelli i\u015fsiz ki\u015fileri i\u015f arama s\u00fcre\u00e7lerinde beceri ve yeteneklerini geli\u015ftirmeleri i\u00e7in destekler ve son olarak ki\u015fisel g\u00fc\u00e7lendirme y\u00f6ntemi olarak grup m\u00fcdahalesine de\u011fer katarak bireylere ki\u015fiselle\u015ftirilmi\u015f bir yol sunar.<\/p>\n<h2>H-FOUNDATION<\/h2>\n<p>&#8220;H Vakf\u0131&#8221; Derne\u011fi, 1991 y\u0131l\u0131nda kurulan bir sivil toplum \u00f6rg\u00fct\u00fc ve kar amac\u0131 g\u00fctmeyen bir kurulu\u015ftur. Derne\u011fin misyonu engelli insanlara ve dezavantajl\u0131 ki\u015filere e\u011fitim ve \u00f6\u011fretim i\u00e7in e\u015fit f\u0131rsatlar sa\u011flamakt\u0131r. Dernek, engelli insanlar ve ebeveynleri ile ileti\u015fim kuran \u00f6n b\u00fcro \u00e7al\u0131\u015fanlar\u0131 ve ayn\u0131 zamanda engelli \u00e7ocuklar\u0131 olan ebeveynler i\u00e7in kurslar sunmaktad\u0131r. Zamanla, derne\u011fimiz, fiziksel engelli \u00e7ocuklar\u0131n ve gen\u00e7lerin entegrasyonu i\u00e7in, ana okulu ve kamplar\u0131na eri\u015filebilirli\u011finin geli\u015ftirilmesi i\u00e7in  bir\u00e7ok kampanya geli\u015ftirdi ve uygulad\u0131. Dernek, faydalan\u0131c\u0131lar\u0131na e-\u00f6\u011frenme platformlar\u0131n\u0131 ve \u00f6\u011frenme derslerini harmanlayarak, \u00f6\u011fretme \/ \u00f6\u011frenmeyle ilgili en yeni y\u00f6ntemleri ve teknikleri kullanmaktad\u0131r.<\/p>\n<h2>PRAGMA<\/h2>\n<p>Pragma, elektronik m\u00fchendislik uygulamalar\u0131 (hw + sw) \u00e7er\u00e7evesinde \u00e7al\u0131\u015fan bir KOB\u0130&#8217;dir: ana alanlar\u0131 sanayi sekt\u00f6r\u00fc ve yard\u0131mc\u0131 teknolojilerdir. In the latter field it is developing a 10 years old collaboration with public health institutions as technological support and assistive solutions.<\/p>\n<ul>\n<li>Temel olarak LCMS platformunda e\u011fitim sa\u011flay\u0131c\u0131: Bu alanda Pragma, Romanya&#8217;daki 5 b\u00fcy\u00fck \u00fcniversiteyi (B\u00fckre\u015f, Iasi, Brasov, Cluj, Timisoara) birbirine ba\u011flayan POSDRU e-\u00f6\u011frenme projesi platformunun geli\u015ftirilmesinden sorumludur.<\/li>\n<li>N\u00f6rolojik hastalara (mesleki terapi ve kognitif rehabilitasyon) uygulanan teleskopi (Telekom\u00fcnikasyon Kurumu).<\/li>\n<li>Teknolojik yard\u0131mlar &#8211; Umbria&#8217;daki B\u00f6lge Merkezi i\u00e7in halk sa\u011fl\u0131\u011f\u0131 kurumlar\u0131yla mutabakata var\u0131lan dan\u0131\u015fmanl\u0131k orta\u011f\u0131.<\/li>\n<li>Teknolojik yard\u0131mlar &#8211; Windows ve Android platformlar\u0131nda hw-sw geli\u015ftiricisi olarak \u00fcretim ve \u00f6zelle\u015ftirme.<\/li>\n<li>Umbria B\u00f6lgesel \u0130novasyon K\u00fcmesi i\u00e7in &#8220;sosyal teknoloji&#8221; \u00e7\u00f6z\u00fcmleri (tekerlekli sandalyeler, ba\u011flam bilinci sistemleri, ak\u0131ll\u0131 ev aletleri kontrol\u00fc) \u00e7er\u00e7evesinde m\u00fchendislik dan\u0131\u015fman\u0131.<\/li>\n<\/ul>\n<h2>ITINKLAS<\/h2>\n<p>Iniciatyvu Tinklas \u00e7o\u011fu hukuk, psikoloji, sosyal hizmet, pedagoji ve g\u00f6n\u00fcll\u00fcl\u00fck prati\u011fi olan insanlar\u0131 ve  kurulu\u015flar\u0131 bir araya getirir; ayr\u0131ca insanlara nesiller aras\u0131 bir diyalog s\u00fcrd\u00fcrmek, giri\u015fimlerini te\u015fvik etmeleri, g\u00f6n\u00fcll\u00fcl\u00fck bulmak, beceri ve yeteneklerini geli\u015ftirmek ve problemlere \u00e7\u00f6z\u00fcm \u00fcretmek i\u00e7in yard\u0131mc\u0131 olur. Iniciatyvu Tinklas ayr\u0131ca aktivizm, giri\u015fimcilik ve liderli\u011fi te\u015fvik eder ve onlar\u0131 toplumun geli\u015fiminde de\u011fi\u015fim arac\u0131lar\u0131 olarak tan\u0131r.<\/p>\n<h2>MEDIA CREATIVA<\/h2>\n<p>Media Creativa &#8211; MC2020 ortak bir tutkuyu payla\u015fan disiplinler aras\u0131 bir grup profesyonelin \u00f6\u011frendi\u011fi 20 y\u0131ll\u0131k tecr\u00fcbe, zorluk ve dersin sonucudur: e\u011fitim inovasyonudur.<\/p>\n<p>MC2020, \u00f6yk\u00fc anlatma (dijital \u00f6yk\u00fc anlat\u0131m\u0131 da dahil olmak \u00fczere), problem temelli e\u011fitim, oyun oynamak, oyun temelli \u00f6\u011frenme vb. Gibi yenilik\u00e7i metodolojiler ve pedagojik yakla\u015f\u0131mlardan esinlenilerek \u00f6\u011frenme alanlar\u0131na de\u011fer katmak, ara\u015ft\u0131rmak, tasarlamak ve farkl\u0131 bir e\u011fitim teklifi geli\u015ftirmek i\u00e7in \u00e7al\u0131\u015f\u0131r. Yeni teknolojilerin sundu\u011fu t\u00fcm potansiyeli ele ge\u00e7irme odakl\u0131 olarak, uygulamalar, oyunlar, webserileri, webinarlar, mobil \u00f6\u011frenme vs. kullanmaktadr.<\/p>\n<p>\u00c7al\u0131\u015fmalar\u0131m\u0131z\u0131n kalitesi, ger\u00e7eklerin bir temel bilgisine ve son kullan\u0131c\u0131lar\u0131m\u0131z\u0131n ihtiya\u00e7lar\u0131n\u0131 dinlemeye dayanmaktad\u0131r.E\u011fitimler geli\u015ftirmekte, e\u011fitim ihtiya\u00e7lar\u0131n\u0131 analiz etmekte, kamp\u00fcsten (campus-creativa.com) kurslar tasarlay\u0131p sunmakta ve genel bir tekliften kurtulup, \u00f6zelle\u015ftirme bayra\u011f\u0131 alt\u0131nda at\u00f6lye \u00e7al\u0131\u015fmalar\u0131 ve konferanslar d\u00fczenlemektedir.<\/p>\n<h2>ISEM<\/h2>\n<p>\u0130stanbul il Sosyal Et\u00fct ve Proje M\u00fcd\u00fcrl\u00fc\u011f\u00fc(\u0130SEM),  kamu-\u00f6zel sekt\u00f6r\u00fc ile kaynaklar\u0131n uygun ve verimli kullan\u0131lmas\u0131n\u0131 sa\u011flayan sivil toplum \u00f6rg\u00fctleri aras\u0131ndaki i\u015fbirli\u011fini geli\u015ftirerek kalk\u0131nmay\u0131 h\u0131zland\u0131rmak ve s\u00fcrd\u00fcr\u00fclebilirli\u011fini sa\u011flamak i\u00e7in kurulmu\u015ftur ve Avrupa Birli\u011finin ge\u00e7ti\u011fi geni\u015fleme s\u00fcre\u00e7lerinde daha dinamik ve daha yenilik\u00e7i bir yap\u0131ya sahip bir birlik d\u00fc\u015f\u00fcncesinin uygulanmas\u0131 i\u00e7in ve AB politikalar\u0131na uygun demokratikle\u015fme s\u00fcreci i\u00e7in bir potansiyel olu\u015fturmakt\u0131r.<\/p>\n<p>\u0130\u00e7i\u015fleri Bakanl\u0131\u011f\u0131 ve \u0130stanbul Valili\u011fi taraf\u0131ndan verilen bir\u00e7ok sorumlulu\u011fa sahip olan ISEM, \u00e7ok geni\u015f bir \u00e7al\u0131\u015fma alan\u0131na sahiptir ve d\u00fcnyan\u0131n en b\u00fcy\u00fck kozmopolit \u015fehirlerinden biri olan \u0130stanbul&#8217;un ihtiya\u00e7lar\u0131na \u00e7\u00f6z\u00fcm bulmaya \u00e7al\u0131\u015fmaktad\u0131r. \u015eimdiye kadar \u00e7e\u015fitli AB programlar\u0131nda (Leonardo, Socrates \/ Grundtvig, EQUAL, LLP, ESF, eTEN, FP, Erasmus +, H2020, IEE vb.)  hem koordinat\u00f6r hem de  bir ortak olarak yer alm\u0131\u015ft\u0131r.<\/p>\n<\/div>\n<p><\/p>","protected":false},"excerpt":{"rendered":"<p>PREDIF-IB Federasyon Predif Illes Balears (Predif-IB) kar amac\u0131 g\u00fctmeyen ve fiziksel engellilerin ve ailelerinin hayatlar\u0131n\u0131 iyile\u015ftirmeye adanm\u0131\u015f bir organizasyondur. Fiziksel \u00f6z\u00fcrl\u00fc bireylerin do\u011frudan ve dolayl\u0131 olarak \u0130spanya&#8217;da fiziksel engelli t\u00fcm insanlar\u0131n menfaatine y\u00f6nelik faaliyetleri ger\u00e7ekle\u015ftiren ve yakla\u015f\u0131k 100.000 ki\u015fiyi temsil eden PREDIF Konfederasyonu&#8217;nun bir \u00fcyesidir. \u00dcye federasyonlar\u0131 vas\u0131tas\u0131yla 30 y\u0131l\u0131 a\u015fk\u0131n tecr\u00fcbeye sahiptir. Predif-IB eri\u015filebilirlik [&hellip;]<\/p>\n","protected":false},"author":1,"featured_media":0,"parent":0,"menu_order":0,"comment_status":"closed","ping_status":"open","template":"","meta":[],"_links":{"self":[{"href":"https:\/\/www.euassistant.com\/tr\/wp-json\/wp\/v2\/pages\/63"}],"collection":[{"href":"https:\/\/www.euassistant.com\/tr\/wp-json\/wp\/v2\/pages"}],"about":[{"href":"https:\/\/www.euassistant.com\/tr\/wp-json\/wp\/v2\/types\/page"}],"author":[{"embeddable":true,"href":"https:\/\/www.euassistant.com\/tr\/wp-json\/wp\/v2\/users\/1"}],"replies":[{"embeddable":true,"href":"https:\/\/www.euassistant.com\/tr\/wp-json\/wp\/v2\/comments?post=63"}],"version-history":[{"count":31,"href":"https:\/\/www.euassistant.com\/tr\/wp-json\/wp\/v2\/pages\/63\/revisions"}],"predecessor-version":[{"id":232,"href":"https:\/\/www.euassistant.com\/tr\/wp-json\/wp\/v2\/pages\/63\/revisions\/232"}],"wp:attachment":[{"href":"https:\/\/www.euassistant.com\/tr\/wp-json\/wp\/v2\/media?parent=63"}],"curies":[{"name":"wp","href":"https:\/\/api.w.org\/{rel}","templated":true}]}}