                                                                                                                                                                                                                                                                                                                                                                                                                                                                                                                                                                                                                                                                                                                                                                                                                                                        {"id":65,"date":"2017-02-20T10:35:54","date_gmt":"2017-02-20T10:35:54","guid":{"rendered":"http:\/\/www.euassistant.com\/?page_id=65"},"modified":"2018-10-15T14:54:02","modified_gmt":"2018-10-15T12:54:02","slug":"resultados","status":"publish","type":"page","link":"https:\/\/www.euassistant.com\/tr\/resultados\/","title":{"rendered":"\u00c7iktilar"},"content":{"rendered":"<p><\/p>\n<p>Ba\u011f\u0131ml\u0131 ki\u015filer i\u00e7in ki\u015fisel (bak\u0131m) asistan\u0131: Yeterliliklerin tan\u0131m\u0131 ve \u00f6\u011frenme yolu.<\/p>\n<div>\n<p><a href=\"\/wp-content\/themes\/dustland-express\/files\/TK\/Mod\u00fcl 1 \u0130\u015flevsel \u00c7e\u015fitlilk ve engelilik.pdf\" target=\"_blank\">Mod\u00fcl 1 \u0130\u015flevsel \u00c7e\u015fitlilk ve engelilik<\/a><\/p>\n<p><a href=\"\/wp-content\/themes\/dustland-express\/files\/TK\/Mod\u00fcl 2 Ba\u011f\u0131ms\u0131z Ya\u015fam Felsefesi.pdf\" target=\"_blank\">Mod\u00fcl 2 Ba\u011f\u0131ms\u0131z Ya\u015fam Felsefesi<\/a><\/p>\n<p><a href=\"\/wp-content\/themes\/dustland-express\/files\/TK\/Mod\u00fcl 3 Ki\u015fisel Asistan.pdf\" target=\"_blank\">Mod\u00fcl 3 Ki\u015fisel Asistan<\/a><\/p>\n<p><a href=\"\/wp-content\/themes\/dustland-express\/files\/TK\/Mod\u00fcl 4 \u0130leti\u015fim Becerileri.pdf\" target=\"_blank\">Mod\u00fcl 4 \u0130leti\u015fim Becerileri<\/a><\/p>\n<p><a href=\"\/wp-content\/themes\/dustland-express\/files\/TK\/Mod\u00fcl 5 \u00d6zerklik Geli\u015fimi.pdf\" target=\"_blank\">Mod\u00fcl 5 \u00d6zerklik Geli\u015fimi<\/a><\/p>\n<p><a href=\"\/wp-content\/themes\/dustland-express\/files\/TK\/Mod\u00fcl 6 Organizasyon Becerileri.pdf\" target=\"_blank\">Mod\u00fcl 6 Organizasyon Becerileri<\/a><\/p>\n<p><a href=\"\/wp-content\/themes\/dustland-express\/files\/TK\/Mod\u00fcl 7 Di\u011fer Ki\u015fisel Beceriler.pdf\" target=\"_blank\">Mod\u00fcl 7 Di\u011fer Ki\u015fisel Beceriler<\/a><\/p>\n<p><a href=\"\/wp-content\/themes\/dustland-express\/files\/TK\/Mod\u00fcl 8 Birincil Bakim ve Beslenme Sa\u011flama.pdf\" target=\"_blank\">Mod\u00fcl 8 Birincil Bakim ve Beslenme Sa\u011flama<\/a><\/p>\n<p><a href=\"\/wp-content\/themes\/dustland-express\/files\/TK\/Mod\u00fcl 9 Mobilizasyon.pdf\" target=\"_blank\">Mod\u00fcl 9 Mobilizasyon<\/a><\/p>\n<p><a href=\"\/wp-content\/themes\/dustland-express\/files\/TK\/Mod\u00fcl 10 Yard\u0131mc\u0131 Ara\u00e7lar ve Teknolojiler revize.pdf\" target=\"_blank\">Mod\u00fcl 10 Yard\u0131mc\u0131 Ara\u00e7lar ve Teknolojiler revize<\/a><\/p>\n<\/div>\n<p>Ki\u015fisel (bak\u0131m) Yard\u0131m \u00c7evrimi\u00e7i \u0130\u015fbirlikli E\u011fitim Ortam\u0131 (OER).<\/p>\n<p>\u00d6\u011frenme ortam\u0131na eri\u015fmek <a href=\"http:\/\/eu-assistant.pragmaeng.it\/login\/index.php\" target=\"_blank\">i\u00e7in buraya t\u0131klay\u0131n<\/a>.<\/p>\n<p><\/p>","protected":false},"excerpt":{"rendered":"<p>Ba\u011f\u0131ml\u0131 ki\u015filer i\u00e7in ki\u015fisel (bak\u0131m) asistan\u0131: Yeterliliklerin tan\u0131m\u0131 ve \u00f6\u011frenme yolu. Mod\u00fcl 1 \u0130\u015flevsel \u00c7e\u015fitlilk ve engelilik Mod\u00fcl 2 Ba\u011f\u0131ms\u0131z Ya\u015fam Felsefesi Mod\u00fcl 3 Ki\u015fisel Asistan Mod\u00fcl 4 \u0130leti\u015fim Becerileri Mod\u00fcl 5 \u00d6zerklik Geli\u015fimi Mod\u00fcl 6 Organizasyon Becerileri Mod\u00fcl 7 Di\u011fer Ki\u015fisel Beceriler Mod\u00fcl 8 Birincil Bakim ve Beslenme Sa\u011flama Mod\u00fcl 9 Mobilizasyon Mod\u00fcl 10 [&hellip;]<\/p>\n","protected":false},"author":1,"featured_media":0,"parent":0,"menu_order":0,"comment_status":"closed","ping_status":"open","template":"","meta":[],"_links":{"self":[{"href":"https:\/\/www.euassistant.com\/tr\/wp-json\/wp\/v2\/pages\/65"}],"collection":[{"href":"https:\/\/www.euassistant.com\/tr\/wp-json\/wp\/v2\/pages"}],"about":[{"href":"https:\/\/www.euassistant.com\/tr\/wp-json\/wp\/v2\/types\/page"}],"author":[{"embeddable":true,"href":"https:\/\/www.euassistant.com\/tr\/wp-json\/wp\/v2\/users\/1"}],"replies":[{"embeddable":true,"href":"https:\/\/www.euassistant.com\/tr\/wp-json\/wp\/v2\/comments?post=65"}],"version-history":[{"count":38,"href":"https:\/\/www.euassistant.com\/tr\/wp-json\/wp\/v2\/pages\/65\/revisions"}],"predecessor-version":[{"id":268,"href":"https:\/\/www.euassistant.com\/tr\/wp-json\/wp\/v2\/pages\/65\/revisions\/268"}],"wp:attachment":[{"href":"https:\/\/www.euassistant.com\/tr\/wp-json\/wp\/v2\/media?parent=65"}],"curies":[{"name":"wp","href":"https:\/\/api.w.org\/{rel}","templated":true}]}}