                                                                                                                                                                                                                                                                                                                                                                                                                                                                                                                                                                                                                                                                                                                                                                                                                                                        {"id":68,"date":"2017-02-20T10:37:10","date_gmt":"2017-02-20T10:37:10","guid":{"rendered":"http:\/\/www.euassistant.com\/?page_id=68"},"modified":"2017-04-25T13:58:00","modified_gmt":"2017-04-25T11:58:00","slug":"contacto","status":"publish","type":"page","link":"https:\/\/www.euassistant.com\/tr\/contacto\/","title":{"rendered":"Temas"},"content":{"rendered":"<p><\/p>\n<div class=\"form-contacto\">\n<p class=\"form-contacto-titulo\">ILETI\u015eIM FORMU<\/p>\n<div role=\"form\" class=\"wpcf7\" id=\"wpcf7-f208-o6\" lang=\"es-ES\" dir=\"ltr\">\n<div class=\"screen-reader-response\"><\/div>\n<form action=\"\/tr\/wp-json\/wp\/v2\/pages\/68#wpcf7-f208-o6\" method=\"post\" class=\"wpcf7-form\" novalidate=\"novalidate\">\n<div style=\"display: none;\">\n<input type=\"hidden\" name=\"_wpcf7\" value=\"208\" \/>\n<input type=\"hidden\" name=\"_wpcf7_version\" value=\"4.7\" \/>\n<input type=\"hidden\" name=\"_wpcf7_locale\" value=\"es_ES\" \/>\n<input type=\"hidden\" name=\"_wpcf7_unit_tag\" value=\"wpcf7-f208-o6\" \/>\n<input type=\"hidden\" name=\"_wpnonce\" value=\"0f6c0cdcc5\" \/>\n<\/div>\n<p><label for=\"your-name\"> \u0130sim (istenen)<br \/>\n    <span class=\"wpcf7-form-control-wrap your-name\"><input type=\"text\" name=\"your-name\" value=\"\" size=\"40\" class=\"wpcf7-form-control wpcf7-text wpcf7-validates-as-required\" id=\"your-name\" aria-required=\"true\" aria-invalid=\"false\" \/><\/span> <\/label><\/p>\n<p><label for=\"your-email\"> E-Mail (istenen)<br \/>\n    <span class=\"wpcf7-form-control-wrap your-email\"><input type=\"email\" name=\"your-email\" value=\"\" size=\"40\" class=\"wpcf7-form-control wpcf7-text wpcf7-email wpcf7-validates-as-required wpcf7-validates-as-email\" id=\"your-email\" aria-required=\"true\" aria-invalid=\"false\" \/><\/span> <\/label><\/p>\n<p><label for=\"your-subject\"> Konu<br \/>\n    <span class=\"wpcf7-form-control-wrap your-subject\"><input type=\"text\" name=\"your-subject\" value=\"\" size=\"40\" class=\"wpcf7-form-control wpcf7-text\" id=\"your-subject\" aria-invalid=\"false\" \/><\/span> <\/label><\/p>\n<p><label for=\"your-message\"> Mesaj<br \/>\n    <span class=\"wpcf7-form-control-wrap your-message\"><textarea name=\"your-message\" cols=\"40\" rows=\"10\" class=\"wpcf7-form-control wpcf7-textarea\" id=\"your-message\" aria-invalid=\"false\"><\/textarea><\/span> <\/label><\/p>\n<p><input type=\"submit\" value=\"G\u00f6nder\" class=\"wpcf7-form-control wpcf7-submit\" \/><\/p>\n<noscript>\n\t\t\t<div class=\"wpcf7-response-output wpcf7-spam-blocked\">Your browser does not support JavaScript!. Please enable javascript in your browser in order to get form work properly.<\/div>\n\t<\/noscript><script type='text\/javascript'>\n\n\t\t\t\t\t\tif(contactform === undefined){\n\t\t\t\t\t\t\tvar contactform = [];\n\t\t\t\t\t\t}\n\t\t\t\t\t\tvar innerVal = [208,'mail_sent_ok','Mesaj\u0131n i&ccedil;in te\u015fekk&uuml;rler. Bu g&ouml;nderildi.'];\n\t\t\t\t\t\tcontactform.push(innerVal);\n\t\t\t\t\t\tvar innerVal = [208,'mail_sent_ng','Mesaj\u0131n\u0131z\u0131 g&ouml;ndermek &ccedil;al\u0131\u015f\u0131rken bir hata olu\u015ftu. Daha sonra tekrar deneyiniz.'];\n\t\t\t\t\t\tcontactform.push(innerVal);\n\t\t\t\t\t\tvar innerVal = [208,'validation_error','Bir veya daha fazla alan bir hata var. Inceleyip tekrar deneyin.'];\n\t\t\t\t\t\tcontactform.push(innerVal);\n\t\t\t\t\t\tvar innerVal = [208,'spam','Mesaj\u0131n\u0131z\u0131 g&ouml;ndermek &ccedil;al\u0131\u015f\u0131rken bir hata olu\u015ftu. Daha sonra tekrar deneyiniz.'];\n\t\t\t\t\t\tcontactform.push(innerVal);\n\t\t\t\t\t\tvar innerVal = [208,'accept_terms','E\u011fer mesaj g&ouml;ndermeden &ouml;nce \u015fartlar\u0131 ve ko\u015fullar\u0131 kabul etmelidir.'];\n\t\t\t\t\t\tcontactform.push(innerVal);\n\t\t\t\t\t\tvar innerVal = [208,'invalid_required','Alan gereklidir.'];\n\t\t\t\t\t\tcontactform.push(innerVal);\n\t\t\t\t\t\tvar innerVal = [208,'invalid_too_long','Alan\u0131 &ccedil;ok uzun.'];\n\t\t\t\t\t\tcontactform.push(innerVal);\n\t\t\t\t\t\tvar innerVal = [208,'invalid_too_short','Alan &ccedil;ok k\u0131sa.'];\n\t\t\t\t\t\tcontactform.push(innerVal);\n\t\t\t\t\t\tvar innerVal = [208,'invalid_date','Tarih bi&ccedil;imi yanl\u0131\u015f.'];\n\t\t\t\t\t\tcontactform.push(innerVal);\n\t\t\t\t\t\tvar innerVal = [208,'date_too_early','Tarih m&uuml;saade erken &ouml;ncesinde oldu\u011funu.'];\n\t\t\t\t\t\tcontactform.push(innerVal);\n\t\t\t\t\t\tvar innerVal = [208,'date_too_late','Tarih daha sonra izin ge&ccedil; oldu\u011funu.'];\n\t\t\t\t\t\tcontactform.push(innerVal);\n\t\t\t\t\t\tvar innerVal = [208,'upload_failed','Dosya y&uuml;klenirken bilinmeyen bir hata olu\u015ftu.'];\n\t\t\t\t\t\tcontactform.push(innerVal);\n\t\t\t\t\t\tvar innerVal = [208,'upload_file_type_invalid','Bu t&uuml;rdeki dosyalar\u0131 y&uuml;klemek i&ccedil;in izniniz.'];\n\t\t\t\t\t\tcontactform.push(innerVal);\n\t\t\t\t\t\tvar innerVal = [208,'upload_file_too_large','Dosya &ccedil;ok b&uuml;y&uuml;k.'];\n\t\t\t\t\t\tcontactform.push(innerVal);\n\t\t\t\t\t\tvar innerVal = [208,'upload_failed_php_error','Resim y&uuml;klenirken bir hata olu\u015ftu.'];\n\t\t\t\t\t\tcontactform.push(innerVal);\n\t\t\t\t\t\tvar innerVal = [208,'invalid_number','Say\u0131 bi&ccedil;imi ge&ccedil;ersiz.'];\n\t\t\t\t\t\tcontactform.push(innerVal);\n\t\t\t\t\t\tvar innerVal = [208,'number_too_small','Numara izin verilen minimum de\u011ferden daha azd\u0131r.'];\n\t\t\t\t\t\tcontactform.push(innerVal);\n\t\t\t\t\t\tvar innerVal = [208,'number_too_large','Say\u0131s\u0131 izin verilen maksimum de\u011ferden daha b&uuml;y&uuml;k.'];\n\t\t\t\t\t\tcontactform.push(innerVal);\n\t\t\t\t\t\tvar innerVal = [208,'quiz_answer_not_correct','Anket yan\u0131t yanl\u0131\u015ft\u0131r.'];\n\t\t\t\t\t\tcontactform.push(innerVal);\n\t\t\t\t\t\tvar innerVal = [208,'captcha_not_match','El c&oacute;digo introducido es incorrecto.'];\n\t\t\t\t\t\tcontactform.push(innerVal);\n\t\t\t\t\t\tvar innerVal = [208,'invalid_email','Girdi\u011finiz e-posta adresi ge&ccedil;ersiz.'];\n\t\t\t\t\t\tcontactform.push(innerVal);\n\t\t\t\t\t\tvar innerVal = [208,'invalid_url','URL ge&ccedil;erli de\u011fil.'];\n\t\t\t\t\t\tcontactform.push(innerVal);\n\t\t\t\t\t\tvar innerVal = [208,'invalid_tel','Telefon numaras\u0131 ge&ccedil;ersiz.'];\n\t\t\t\t\t\tcontactform.push(innerVal);\n\t\t\t\t\t\tvar innerVal = [208,'gdpr',''];\n\t\t\t\t\t\tcontactform.push(innerVal);\n\t\t\t\t\t\t<\/script><div class=\"wpcf7-response-output wpcf7-display-none\"><\/div><\/form><\/div><\/div>\n<p><\/p>","protected":false},"excerpt":{"rendered":"<p>ILETI\u015eIM FORMU<\/p>\n","protected":false},"author":1,"featured_media":0,"parent":0,"menu_order":0,"comment_status":"closed","ping_status":"closed","template":"","meta":[],"_links":{"self":[{"href":"https:\/\/www.euassistant.com\/tr\/wp-json\/wp\/v2\/pages\/68"}],"collection":[{"href":"https:\/\/www.euassistant.com\/tr\/wp-json\/wp\/v2\/pages"}],"about":[{"href":"https:\/\/www.euassistant.com\/tr\/wp-json\/wp\/v2\/types\/page"}],"author":[{"embeddable":true,"href":"https:\/\/www.euassistant.com\/tr\/wp-json\/wp\/v2\/users\/1"}],"replies":[{"embeddable":true,"href":"https:\/\/www.euassistant.com\/tr\/wp-json\/wp\/v2\/comments?post=68"}],"version-history":[{"count":19,"href":"https:\/\/www.euassistant.com\/tr\/wp-json\/wp\/v2\/pages\/68\/revisions"}],"predecessor-version":[{"id":209,"href":"https:\/\/www.euassistant.com\/tr\/wp-json\/wp\/v2\/pages\/68\/revisions\/209"}],"wp:attachment":[{"href":"https:\/\/www.euassistant.com\/tr\/wp-json\/wp\/v2\/media?parent=68"}],"curies":[{"name":"wp","href":"https:\/\/api.w.org\/{rel}","templated":true}]}}